{"id":885,"date":"2017-01-29T20:18:45","date_gmt":"2017-01-29T20:18:45","guid":{"rendered":"http:\/\/ottawacircusschool.com\/?page_id=885"},"modified":"2025-11-26T06:37:46","modified_gmt":"2025-11-26T11:37:46","slug":"adults-aerial-arts","status":"publish","type":"page","link":"https:\/\/ottawacircusschool.com\/fr\/adults-aerial-arts\/","title":{"rendered":"Adultes \u2013 Cours Hebdomadaires"},"content":{"rendered":"<figure class=\"wp-block-image size-full\"><a href=\"https:\/\/app.amilia.com\/store\/fr\/ottawa-circus-school\/shop\/programs\" target=\"_blank\" rel=\" noreferrer noopener\"><img loading=\"lazy\" decoding=\"async\" width=\"149\" height=\"44\" src=\"https:\/\/ottawacircusschool.com\/wp-content\/uploads\/Inscrivez-vous.jpg\" alt=\"\" class=\"wp-image-5239\"\/><\/a><\/figure>\n\n\n\n<div class=\"wp-block-media-text is-stacked-on-mobile\" style=\"grid-template-columns:28% auto\"><figure class=\"wp-block-media-text__media\"><img loading=\"lazy\" decoding=\"async\" width=\"252\" height=\"252\" src=\"https:\/\/ottawacircusschool.com\/wp-content\/uploads\/Square-mixed-aerial.jpg\" alt=\"\" class=\"wp-image-6221 size-full\" srcset=\"https:\/\/ottawacircusschool.com\/wp-content\/uploads\/Square-mixed-aerial.jpg 252w, https:\/\/ottawacircusschool.com\/wp-content\/uploads\/Square-mixed-aerial-150x150.jpg 150w\" sizes=\"auto, (max-width: 252px) 100vw, 252px\" \/><\/figure><div class=\"wp-block-media-text__content\">\n<p><strong>Pour les adultes, nous proposons des cours hebdomadaires en Silks (Tissu), Corde Lisse, Tissu Hammack (Loop), Trap\u00e8ze Dance (sur un pivot), Lyra (Cerceau A\u00e9rien), Hula Hoop (danse avec le cerceau), Aerial Straps (Sangles) et Acro\/Port\u00e9es.<\/strong><\/p>\n\n\n\n<p>Les cours sont en continu et vous pouvez vous inscrire pour une session de 3-4 mois, ou \u00e0 tout moment pour le reste de la session de 3-4 mois \u00e0 un tarif au prorata ou en r\u00e9servant \u00e0 l\u2019avance une place en cours de type \u201cdrop-in\u201d. Si vous \u00eates nouveau dans les arts a\u00e9riens, nous recommandons la session d\u2019introduction aux arts a\u00e9riens de 4 semaines comme premi\u00e8re exp\u00e9rience. Tous les cours sont structur\u00e9s pour permettre \u00e0 chaque participant de progresser \u00e0 son propre rythme. Que ce soit pour une introduction ou pour approfondir la technique dans une discipline particuli\u00e8re, nos coachs hautement exp\u00e9riment\u00e9s et qualifi\u00e9s sont l\u00e0 pour partager leur passion et leur expertise !<\/p>\n<\/div><\/div>\n\n\n\n<p class=\"has-text-align-right\"><\/p>\n\n\n\n<div class=\"wp-block-media-text has-media-on-the-right is-stacked-on-mobile\" style=\"grid-template-columns:auto 27%\"><div class=\"wp-block-media-text__content\">\n<p class=\"has-text-align-right\"><span style=\"text-decoration: underline;\"><strong>Hula Hoop - Dance avec le cerceau<\/strong><\/span><\/p>\n\n\n\n<p class=\"has-text-align-right\">Chaque semaine, nous jouons avec diff\u00e9rentes s\u00e9quences de mouvements pour cr\u00e9er de petites routines de danse avec le cerceau, int\u00e9grant une vari\u00e9t\u00e9 de figures avec le cerceau sur le corps et avec le mains. Ce cours offrira des variations pour d\u00e9butants et interm\u00e9diaires pour chaque technique. Des cerceaux sont disponibles pour l\u2019utilisation en classe sans frais et sont \u00e9galement en vente.<\/p>\n<\/div><figure class=\"wp-block-media-text__media\"><img loading=\"lazy\" decoding=\"async\" width=\"701\" height=\"800\" src=\"https:\/\/ottawacircusschool.com\/wp-content\/uploads\/Ottawa-Circus-School-Hooping-Genevieve.jpg\" alt=\"\" class=\"wp-image-8536 size-full\" srcset=\"https:\/\/ottawacircusschool.com\/wp-content\/uploads\/Ottawa-Circus-School-Hooping-Genevieve.jpg 701w, https:\/\/ottawacircusschool.com\/wp-content\/uploads\/Ottawa-Circus-School-Hooping-Genevieve-263x300.jpg 263w, https:\/\/ottawacircusschool.com\/wp-content\/uploads\/Ottawa-Circus-School-Hooping-Genevieve-11x12.jpg 11w, https:\/\/ottawacircusschool.com\/wp-content\/uploads\/Ottawa-Circus-School-Hooping-Genevieve-624x712.jpg 624w\" sizes=\"auto, (max-width: 701px) 100vw, 701px\" \/><\/figure><\/div>\n\n\n\n<div class=\"wp-block-media-text is-stacked-on-mobile\" style=\"grid-template-columns:23% auto\"><figure class=\"wp-block-media-text__media\"><img loading=\"lazy\" decoding=\"async\" width=\"508\" height=\"800\" src=\"https:\/\/ottawacircusschool.com\/wp-content\/uploads\/2025-acroyoga_3.jpg\" alt=\"\" class=\"wp-image-8201 size-full\" srcset=\"https:\/\/ottawacircusschool.com\/wp-content\/uploads\/2025-acroyoga_3.jpg 508w, https:\/\/ottawacircusschool.com\/wp-content\/uploads\/2025-acroyoga_3-191x300.jpg 191w\" sizes=\"auto, (max-width: 508px) 100vw, 508px\" \/><\/figure><div class=\"wp-block-media-text__content\">\n<p><strong><u>Acro\/Partner-lifts classes and jams are back!<br><\/u><\/strong>Beginners come learn original poses and basic tricks with Charles and Joelle on Fridays 8-9pm for guaranteed smiles and laughter. For those with experience, come refine your skills with spotters, crashmats, lines and exchange ideas for flows, whips, icarian, standing and group fun on Friday 7-9:30 as well as during our open gyms Mondays and Thursdays 8-9:30! Available as a drop-in or with multi-pass. Make certain to register online in advance, there will be no registration onsite on Fridays or after the start time.<\/p>\n<\/div><\/div>\n\n\n\n<div class=\"wp-block-media-text has-media-on-the-right is-stacked-on-mobile\" style=\"grid-template-columns:auto 27%\"><div class=\"wp-block-media-text__content\">\n<p class=\"has-text-align-right\"><strong style=\"font-size: revert;\"><u>Initiation aux cours d\u2019art a\u00e9rien (Intro to Aerials): Session de 4 semaines<br><\/u><\/strong><span style=\"font-size: revert;\">Vous \u00eates nouveau dans le monde excitant des arts a\u00e9riens ? Commencez votre adventure en a\u00e9riens avec le cours d\u2019initiation. Au cours de ce programme, vous aurez l\u2019occasion d\u2019explorer le monde merveilleux des trois appareils : tissu, trap\u00e8ze et lyra, tout en ma\u00eetrisant quelques mouvements fondamentaux.<\/span><\/p>\n<\/div><figure class=\"wp-block-media-text__media\"><img loading=\"lazy\" decoding=\"async\" width=\"200\" height=\"153\" src=\"https:\/\/ottawacircusschool.com\/wp-content\/uploads\/Mixed-aerial.jpg\" alt=\"\" class=\"wp-image-5137 size-full\"\/><\/figure><\/div>\n\n\n\n<p><br><\/p>\n\n\n\n<div class=\"wp-block-media-text is-stacked-on-mobile\" style=\"grid-template-columns:32% auto\"><figure class=\"wp-block-media-text__media\"><img loading=\"lazy\" decoding=\"async\" width=\"769\" height=\"769\" src=\"https:\/\/ottawacircusschool.com\/wp-content\/uploads\/Ottawa-Circus-School-Silks2.jpeg\" alt=\"Woman is holding a balance stag pose on the aerial silks in a geodesic dome in Ottawa, Ontario, Canada at the Ottawa Circus school outdoor location in 2021 \" class=\"wp-image-7444 size-full\" srcset=\"https:\/\/ottawacircusschool.com\/wp-content\/uploads\/Ottawa-Circus-School-Silks2.jpeg 769w, https:\/\/ottawacircusschool.com\/wp-content\/uploads\/Ottawa-Circus-School-Silks2-300x300.jpeg 300w, https:\/\/ottawacircusschool.com\/wp-content\/uploads\/Ottawa-Circus-School-Silks2-150x150.jpeg 150w, https:\/\/ottawacircusschool.com\/wp-content\/uploads\/Ottawa-Circus-School-Silks2-624x624.jpeg 624w\" sizes=\"auto, (max-width: 769px) 100vw, 769px\" \/><\/figure><div class=\"wp-block-media-text__content\">\n<p><strong><u>Aerial arts classes, Level 1 and All-level classes: ongoing year-round<br><\/u><\/strong>Une fois que vous avez termin\u00e9 la session d\u2019introduction ou que vous avez une exp\u00e9rience a\u00e9rienne pr\u00e9alable, vous pouvez vous inscrire \u00e0 nos cours de niveau 1 ou tous-niveaux. Ces cours vous offrent la possibilit\u00e9 d\u2019int\u00e9grer la pratique a\u00e9rienne \u00e0 votre routine hebdomadaire toute l\u2019ann\u00e9e. Vous pouvez vous inscrire pour une session de 3-4 mois ou r\u00e9server un seul cours.&nbsp;<\/p>\n<\/div><\/div>\n\n\n\n<div class=\"wp-block-media-text has-media-on-the-right is-stacked-on-mobile\" style=\"grid-template-columns:auto 29%\"><div class=\"wp-block-media-text__content\">\n<p class=\"has-text-align-right\"><strong><u>Cours d\u2019a\u00e9riens niveau 2, 3 et 4 : toute l\u2019ann\u00e9e<br><\/u><\/strong>Pour ceux qui ont plus d\u2019exp\u00e9rience, nos cours de Niveau 2, 3 et 4 sont adapt\u00e9s \u00e0 votre niveau de comp\u00e9tence. Ces cours offrent un environnement plus rapide et plus exigeant, vous poussant \u00e0 affiner votre technique et votre expression artistique. Nous avons hate d\u2019explorer le prochain niveau de votre aventure a\u00e9rien ensemble.<\/p>\n<\/div><figure class=\"wp-block-media-text__media\"><img loading=\"lazy\" decoding=\"async\" width=\"600\" height=\"600\" src=\"https:\/\/ottawacircusschool.com\/wp-content\/uploads\/Angele-Silks-square.jpg\" alt=\"\" class=\"wp-image-7680 size-full\" srcset=\"https:\/\/ottawacircusschool.com\/wp-content\/uploads\/Angele-Silks-square.jpg 600w, https:\/\/ottawacircusschool.com\/wp-content\/uploads\/Angele-Silks-square-300x300.jpg 300w, https:\/\/ottawacircusschool.com\/wp-content\/uploads\/Angele-Silks-square-150x150.jpg 150w\" sizes=\"auto, (max-width: 600px) 100vw, 600px\" \/><\/figure><\/div>\n\n\n\n<p><u>Pr\u00e9requis pour le niveau 2 de Tissu a\u00e9riens (Silks)<\/u>: Vous devez pouvoir grimper et vous mettre \u00e0 l\u2019envers dans les airs ainsi que r\u00e9aliser les comp\u00e9tences suivantes avec une bonne forme : ex\u00e9cuter 1 traction (chin up) lente depuis le sol sur les tissus, grimper, r\u00e9aliser un verrouillage de pied (footlock), faire un n\u0153ud (\u00e0 hauteur de menton) dans les tissus, monter en pull-over jusqu\u2019\u00e0 l\u2019avant des hanches sur un n\u0153ud \u00e9lev\u00e9, d\u00e9montrer les mouvements de base sur un n\u0153ud et les chutes de base depuis les n\u0153uds.<\/p>\n\n\n\n<p><u>Pr\u00e9requis pour le niveau 3 de Tissu a\u00e9riens<\/u>: R\u00e9alisez les comp\u00e9tences suivantes avec une bonne forme : effectuer 3 tractions lentes (chin up) dans les airs, 3 types de mont\u00e9es, verrous de pieds en l\u2019air, cl\u00e9-d\u2019hanche en \u00e9ventail dans les airs, r\u00e9aliser des doubles verrous de pied dans les airs, ex\u00e9cuter des formes de base avec un verrouillage de pied (flamenco, splits, etc.), r\u00e9aliser des chutes de base plus haut dans les airs (crochet 360 avant, etc.).<\/p>\n\n\n\n<p><u>Pr\u00e9requis pour le niveau 2 de Trap\u00e8ze<\/u>&nbsp;: R\u00e9alisez les comp\u00e9tences suivantes avec une bonne forme : 1 traction lente sur la barre (chin up), mont\u00e9es en \u00e9cart (jambes de grenouille et jambes en \u00e9cart), roulade invers\u00e9e depuis le sol, maintien en suspension de 15 secondes, capable de r\u00e9aliser des figures de base et de r\u00e9aliser 3 de ces figures cons\u00e9cutivement.<\/p>\n\n\n\n<p><u>Pr\u00e9requis pour le Niveau 2 en Lyra:<\/u>effectuer les comp\u00e9tences suivantes avec une bonne forme : monter en toute s\u00e9curit\u00e9 avec crochet de genou simple et double et descendre en toute s\u00e9curit\u00e9, 1 traction lente en position assise sur la barre, verrouillage de la poitrine pendant 5-10 secondes, suspension pendant 30 secondes, inverser en formes depuis le sol et maintenir pendant 3 secondes, \u00e9quilibre de la hanche avant ou suspension de la hanche, tenir une suspension de genou sans les mains, r\u00e9aliser des mouvements de base et une s\u00e9quence de 3-4 figures cons\u00e9cutives.<\/p>\n\n\n\n<div class=\"wp-block-group\"><div class=\"wp-block-group__inner-container is-layout-constrained wp-block-group-is-layout-constrained\">\n<div class=\"wp-block-columns is-layout-flex wp-container-core-columns-is-layout-9d6595d7 wp-block-columns-is-layout-flex\">\n<div class=\"wp-block-column is-layout-flow wp-block-column-is-layout-flow\" style=\"flex-basis:100%\">\n<figure class=\"wp-block-gallery has-nested-images columns-default is-cropped wp-block-gallery-1 is-layout-flex wp-block-gallery-is-layout-flex\">\n<figure class=\"wp-block-image size-large\"><img loading=\"lazy\" decoding=\"async\" width=\"600\" height=\"899\" data-id=\"7685\" src=\"https:\/\/ottawacircusschool.com\/wp-content\/uploads\/Silks-student-mr.jpg\" alt=\"\" class=\"wp-image-7685\" srcset=\"https:\/\/ottawacircusschool.com\/wp-content\/uploads\/Silks-student-mr.jpg 600w, https:\/\/ottawacircusschool.com\/wp-content\/uploads\/Silks-student-mr-200x300.jpg 200w\" sizes=\"auto, (max-width: 600px) 100vw, 600px\" \/><figcaption class=\"wp-element-caption\">TISSU A\u00c9RIENS<\/figcaption><\/figure>\n\n\n\n<figure class=\"wp-block-image size-large\"><img decoding=\"async\" data-id=\"7682\" src=\"https:\/\/ottawacircusschool.com\/wp-content\/uploads\/Astyn-lyra-square.jpg\" alt=\"\" class=\"wp-image-7682\"\/><figcaption class=\"wp-element-caption\">LYRA<\/figcaption><\/figure>\n\n\n\n<figure class=\"wp-block-image size-large\"><img loading=\"lazy\" decoding=\"async\" width=\"600\" height=\"899\" data-id=\"7684\" src=\"https:\/\/ottawacircusschool.com\/wp-content\/uploads\/trapeze-Max.jpg\" alt=\"\" class=\"wp-image-7684\" srcset=\"https:\/\/ottawacircusschool.com\/wp-content\/uploads\/trapeze-Max.jpg 600w, https:\/\/ottawacircusschool.com\/wp-content\/uploads\/trapeze-Max-200x300.jpg 200w\" sizes=\"auto, (max-width: 600px) 100vw, 600px\" \/><figcaption class=\"wp-element-caption\">TRAP\u00c8ZE<\/figcaption><\/figure>\n\n\n\n<figure class=\"wp-block-image size-large\"><img loading=\"lazy\" decoding=\"async\" width=\"600\" height=\"900\" data-id=\"7686\" src=\"https:\/\/ottawacircusschool.com\/wp-content\/uploads\/Ryan-straps-mr.jpg\" alt=\"\" class=\"wp-image-7686\" srcset=\"https:\/\/ottawacircusschool.com\/wp-content\/uploads\/Ryan-straps-mr.jpg 600w, https:\/\/ottawacircusschool.com\/wp-content\/uploads\/Ryan-straps-mr-200x300.jpg 200w\" sizes=\"auto, (max-width: 600px) 100vw, 600px\" \/><figcaption class=\"wp-element-caption\">STRAPS<\/figcaption><\/figure>\n\n\n\n<figure class=\"wp-block-image size-large\"><img loading=\"lazy\" decoding=\"async\" width=\"600\" height=\"750\" data-id=\"7693\" src=\"https:\/\/ottawacircusschool.com\/wp-content\/uploads\/DUO-SILKS-MR.jpg\" alt=\"\" class=\"wp-image-7693\" srcset=\"https:\/\/ottawacircusschool.com\/wp-content\/uploads\/DUO-SILKS-MR.jpg 600w, https:\/\/ottawacircusschool.com\/wp-content\/uploads\/DUO-SILKS-MR-240x300.jpg 240w\" sizes=\"auto, (max-width: 600px) 100vw, 600px\" \/><figcaption class=\"wp-element-caption\">DUO A\u00c9RIENS<\/figcaption><\/figure>\n\n\n\n<figure class=\"wp-block-image size-large\"><img loading=\"lazy\" decoding=\"async\" width=\"1024\" height=\"585\" data-id=\"7691\" src=\"https:\/\/ottawacircusschool.com\/wp-content\/uploads\/Andree-studio-MR-1024x585.jpg\" alt=\"\" class=\"wp-image-7691\"\/><figcaption class=\"wp-element-caption\">NOTRE NOUVEAU STUDIO<\/figcaption><\/figure>\n<\/figure>\n<\/div>\n<\/div>\n<\/div><\/div>\n\n\n\n<p>Pour de l\u2019information sur les cours d\u2019a\u00e9rien pour enfants ou ados, cliquez <a href=\"https:\/\/ottawacircusschool.com\/fr\/kids-circus-arts\/\">ici<\/a><\/p>\n\n\n\n<p>Teens are also welcome to the adult classes upon invitation.<\/p>\n\n\n\n<p>Cliquez sur l\u2019onglet Inscriptions au haut de la page pour voir le prix et le nombre de places disponibles dans chaque cours.<\/p>\n\n\n\n<p>More questions? See our <a href=\"https:\/\/ottawacircusschool.com\/fr\/faq-kids-programs\/\">FAQ<\/a> page.<\/p>\n\n\n\n<p><strong>Quoi porter :<\/strong> V\u00eatements ath\u00e9tiques, extensible et moulant au corps <br><strong>Pour l\u2019a\u00e9riens:<\/strong> Aucune fermeture \u00e9clair, aucuns boutons ni \u0153illets, et aucun plastique dur ou m\u00e9tal sur les v\u00eatements ni bijou, pour \u00e9viter les risques d\u2019accrochage. Ceux-ci seront inconfortables sur le trap\u00e8ze et pourraient d\u00e9chirer les tissus a\u00e9riens. Les ongle de doights et d'orteils couper court et propre pour evit\u00e9 qu'il se prennent dans le tissu aeriens. Les ongle bien coup\u00e9 court. La tenue id\u00e9ale est un legging au moins jusqu\u2019aux genoux ou un pantalon de jogging. Un haut moulant au corps ou qui peut \u00eatre rentr\u00e9 dans le pantalon est recommand\u00e9 pour pouvoir aller t\u00eate en bas. Des manches sont souvent pr\u00e9ferer pour proteger la peau. Les cheveux longs doivent \u00eatre attach\u00e9s. Nous travaillerons surtout pieds nus ou en chaussettes.<\/p>\n\n\n\n<p><strong>Quoi apporter :<\/strong> Une bouteille d\u2019eau.<\/p>\n\n\n\n<p><strong>Les inscriptions pour l\u2019automne sont ouvertes!<\/strong><br>Inscrivez vous \u00e0 un ou plusieur cours.<br><a href=\"https:\/\/ottawacircusschool.com\/fr\/schedule\/\">Voir l\u2019horaire ici<\/a>.<\/p>\n\n\n\n<figure class=\"wp-block-image size-full\"><a href=\"https:\/\/www.amilia.com\/store\/fr\/ottawa-circus-school\/shop\/programs\" target=\"_blank\" rel=\"noreferrer noopener\"><img loading=\"lazy\" decoding=\"async\" width=\"149\" height=\"44\" src=\"https:\/\/ottawacircusschool.com\/wp-content\/uploads\/Inscrivez-vous.jpg\" alt=\"\" class=\"wp-image-5239\"\/><\/a><\/figure>\n\n\n\n<figure class=\"wp-block-image size-full\"><a href=\"https:\/\/visitor.r20.constantcontact.com\/manage\/optin?v=001dbhkIZY57-CufkGBXAPesdnszj6Zpen4TdDvpvGYcgLm01BtR1zEOvn4D-NqBABfgUsNnxtd8BwLOgjRbk1OtVnSvcAO31Vm5_vV5ea7NkC3fh2HgTpAcaCITKnEuQLHc8orKlZRL2kz35ZlYCxZQslzPVlQwbVedOxQeVCbLWc\" target=\"_blank\" rel=\"noreferrer noopener\"><img loading=\"lazy\" decoding=\"async\" width=\"146\" height=\"38\" src=\"https:\/\/ottawacircusschool.com\/wp-content\/uploads\/abonnezvous.jpg\" alt=\"\" class=\"wp-image-5570\"\/><\/a><\/figure>\n\n\n<p><strong>Vous voulez recevoir un rappel lors de la prochaine p\u00e9riode d\u2019inscription? Abonnez-vous \u00e0 notre liste de diffusion.<\/strong><\/p>","protected":false},"excerpt":{"rendered":"<p>For adults, we offer weekly classes in Aerial Silks (Fabric), Aerial Rope (Corde Lisse), Hammock Silks (Loop Fabric), Dance Trapeze (on a swivel point), Lyra (Aerial Hoop), Hula Hoop dance, Aerial Straps and Acro\/Partner lifts. The classes are ongoing, and you can join at any time for the rest of the 3-month session at a [&hellip;]<\/p>\n","protected":false},"author":4,"featured_media":0,"parent":0,"menu_order":0,"comment_status":"closed","ping_status":"closed","template":"","meta":{"footnotes":""},"class_list":["post-885","page","type-page","status-publish","hentry"],"_links":{"self":[{"href":"https:\/\/ottawacircusschool.com\/fr\/wp-json\/wp\/v2\/pages\/885","targetHints":{"allow":["GET"]}}],"collection":[{"href":"https:\/\/ottawacircusschool.com\/fr\/wp-json\/wp\/v2\/pages"}],"about":[{"href":"https:\/\/ottawacircusschool.com\/fr\/wp-json\/wp\/v2\/types\/page"}],"author":[{"embeddable":true,"href":"https:\/\/ottawacircusschool.com\/fr\/wp-json\/wp\/v2\/users\/4"}],"replies":[{"embeddable":true,"href":"https:\/\/ottawacircusschool.com\/fr\/wp-json\/wp\/v2\/comments?post=885"}],"version-history":[{"count":179,"href":"https:\/\/ottawacircusschool.com\/fr\/wp-json\/wp\/v2\/pages\/885\/revisions"}],"predecessor-version":[{"id":8761,"href":"https:\/\/ottawacircusschool.com\/fr\/wp-json\/wp\/v2\/pages\/885\/revisions\/8761"}],"wp:attachment":[{"href":"https:\/\/ottawacircusschool.com\/fr\/wp-json\/wp\/v2\/media?parent=885"}],"curies":[{"name":"wp","href":"https:\/\/api.w.org\/{rel}","templated":true}]}}