{"id":7064,"date":"2023-04-14T01:37:05","date_gmt":"2023-04-14T01:37:05","guid":{"rendered":"https:\/\/ottawacircusschool.com\/?page_id=7064"},"modified":"2025-08-07T23:05:44","modified_gmt":"2025-08-08T04:05:44","slug":"register","status":"publish","type":"page","link":"https:\/\/ottawacircusschool.com\/fr\/register\/","title":{"rendered":"Inscriptions"},"content":{"rendered":"<p> Cliquez ici pour \u00eatre redirig\u00e9 vers notre syst\u00e8me d'inscriptions. Nous avons h\u00e2te de vous voir!<\/p>\n\n\n\n<figure class=\"wp-block-image size-full\"><a href=\"https:\/\/app.amilia.com\/store\/fr\/ottawa-circus-school\/shop\/programs\" target=\"_blank\" rel=\"noreferrer noopener\"><img loading=\"lazy\" decoding=\"async\" width=\"149\" height=\"44\" src=\"https:\/\/ottawacircusschool.com\/wp-content\/uploads\/Inscrivez-vous.jpg\" alt=\"\" class=\"wp-image-5239\"\/><\/a><\/figure>\n\n\n\n<p><\/p>","protected":false},"excerpt":{"rendered":"<p>Cliquez ici pour \u00eatre redirig\u00e9 vers notre syst\u00e8me d'inscriptions. Nous avons h\u00e2te de vous voir!<\/p>","protected":false},"author":4,"featured_media":0,"parent":0,"menu_order":0,"comment_status":"closed","ping_status":"closed","template":"","meta":{"footnotes":""},"class_list":["post-7064","page","type-page","status-publish","hentry"],"_links":{"self":[{"href":"https:\/\/ottawacircusschool.com\/fr\/wp-json\/wp\/v2\/pages\/7064","targetHints":{"allow":["GET"]}}],"collection":[{"href":"https:\/\/ottawacircusschool.com\/fr\/wp-json\/wp\/v2\/pages"}],"about":[{"href":"https:\/\/ottawacircusschool.com\/fr\/wp-json\/wp\/v2\/types\/page"}],"author":[{"embeddable":true,"href":"https:\/\/ottawacircusschool.com\/fr\/wp-json\/wp\/v2\/users\/4"}],"replies":[{"embeddable":true,"href":"https:\/\/ottawacircusschool.com\/fr\/wp-json\/wp\/v2\/comments?post=7064"}],"version-history":[{"count":41,"href":"https:\/\/ottawacircusschool.com\/fr\/wp-json\/wp\/v2\/pages\/7064\/revisions"}],"predecessor-version":[{"id":8455,"href":"https:\/\/ottawacircusschool.com\/fr\/wp-json\/wp\/v2\/pages\/7064\/revisions\/8455"}],"wp:attachment":[{"href":"https:\/\/ottawacircusschool.com\/fr\/wp-json\/wp\/v2\/media?parent=7064"}],"curies":[{"name":"wp","href":"https:\/\/api.w.org\/{rel}","templated":true}]}}