{"id":56,"date":"2013-04-09T20:09:18","date_gmt":"2013-04-09T20:09:18","guid":{"rendered":"http:\/\/minicirque.darkscot.com\/?page_id=56"},"modified":"2025-11-26T07:21:07","modified_gmt":"2025-11-26T12:21:07","slug":"community","status":"publish","type":"page","link":"https:\/\/ottawacircusschool.com\/fr\/community\/","title":{"rendered":"Communaut\u00e9"},"content":{"rendered":"<p>Faites-vous partie de la communaut\u00e9? Tout le monde est la bienvenue. Vous pouvez participer \u00e0 un cours, comme \u00e9l\u00e8ve, entra\u00eeneur ou b\u00e9n\u00e9vole, ou encore vous joindre \u00e0 nos jams (pratiques libres de groupe). Et bien s\u00fbr, vous pouvez contribuer de la mani\u00e8re la plus directe, soit en faisant un don.<\/p>\n\n\n\n<p>Un merci sp\u00e9cial au Conseil des arts de l\u2019Ontario pour son soutien.<\/p>\n\n\n\n<p class=\"translation-block\">D\u00e9couvrez ce que nos artistes de cirque peuvent vous offrir comme prestation \u00e0 votre prochain \u00e9v\u00e9nement <a href=\"http:\/\/ottawacircusschool.com\/fr\/performances\/\">ici<\/a>.<\/p>\n\n\n\n<p class=\"translation-block\">D\u00e9couvrez o\u00f9 et quand se d\u00e9roulent les pratiques libres et les jams \u00e0 Ottawa\/Gatineau <a href=\"http:\/\/ottawacircusschool.com\/fr\/jams\/\">ici<\/a>.<\/p>\n\n\n<div class=\"wp-block-image\">\n<figure class=\"aligncenter\"><img loading=\"lazy\" decoding=\"async\" width=\"596\" height=\"397\" src=\"http:\/\/ottawacircusschool.com\/wp-content\/uploads\/2013\/07\/MiniCirque_kids3.jpg\" alt=\"MiniCirque_kids3\" class=\"wp-image-362\" srcset=\"https:\/\/ottawacircusschool.com\/wp-content\/uploads\/2013\/07\/MiniCirque_kids3.jpg 596w, https:\/\/ottawacircusschool.com\/wp-content\/uploads\/2013\/07\/MiniCirque_kids3-300x199.jpg 300w\" sizes=\"auto, (max-width: 596px) 100vw, 596px\" \/><\/figure>\n<\/div>","protected":false},"excerpt":{"rendered":"<p>Are you part of the circus community yet? Anyone can be a part of it. Participate by coming to a class or a jam, apply to be an instructor or volunteer some time, and of course contribute in the most direct way by giving a donation. A special thanks to the Ontario Arts Council for [&hellip;]<\/p>\n","protected":false},"author":4,"featured_media":0,"parent":0,"menu_order":0,"comment_status":"closed","ping_status":"open","template":"","meta":{"footnotes":""},"class_list":["post-56","page","type-page","status-publish","hentry"],"_links":{"self":[{"href":"https:\/\/ottawacircusschool.com\/fr\/wp-json\/wp\/v2\/pages\/56","targetHints":{"allow":["GET"]}}],"collection":[{"href":"https:\/\/ottawacircusschool.com\/fr\/wp-json\/wp\/v2\/pages"}],"about":[{"href":"https:\/\/ottawacircusschool.com\/fr\/wp-json\/wp\/v2\/types\/page"}],"author":[{"embeddable":true,"href":"https:\/\/ottawacircusschool.com\/fr\/wp-json\/wp\/v2\/users\/4"}],"replies":[{"embeddable":true,"href":"https:\/\/ottawacircusschool.com\/fr\/wp-json\/wp\/v2\/comments?post=56"}],"version-history":[{"count":14,"href":"https:\/\/ottawacircusschool.com\/fr\/wp-json\/wp\/v2\/pages\/56\/revisions"}],"predecessor-version":[{"id":8768,"href":"https:\/\/ottawacircusschool.com\/fr\/wp-json\/wp\/v2\/pages\/56\/revisions\/8768"}],"wp:attachment":[{"href":"https:\/\/ottawacircusschool.com\/fr\/wp-json\/wp\/v2\/media?parent=56"}],"curies":[{"name":"wp","href":"https:\/\/api.w.org\/{rel}","templated":true}]}}