{"id":4070,"date":"2018-05-16T15:03:59","date_gmt":"2018-05-16T15:03:59","guid":{"rendered":"http:\/\/ottawacircusschool.com\/?page_id=4070"},"modified":"2025-08-08T01:20:15","modified_gmt":"2025-08-08T06:20:15","slug":"job-offers","status":"publish","type":"page","link":"https:\/\/ottawacircusschool.com\/fr\/job-offers\/","title":{"rendered":"Offre d\u2019emploi"},"content":{"rendered":"<p>L\u2019\u00c9cole de cirque agrandit son \u00e9quipe!<\/p>\n<p>Les candidats sont invit\u00e9s \u00e0 envoyer leur CV et une lettre d\u2019int\u00e9r\u00eat par courriel \u00e0 ottawacircus@gmail.com<\/p>\n<p><b>Nous recherchons actuellement :<\/b><\/p>\n<ul>\n<li><b>Des entra\u00eeneur-euses bilingues (anglais-francais) : avec de l\u2019exp\u00e9rience dans un ou plusieurs arts du cirque ou en gymnastique\u00a0<\/b><\/li>\n<li><b>Assistante administrative bilingue (anglais-francais)<\/b><\/li>\n<\/ul>\n<p><span style=\"text-decoration: underline;\"><strong>Entra\u00eeneur-euse bilingue- temps partiel ou temps plein<\/strong><\/span><\/p>\n<p>L\u2019\u00e9cole de cirque cherche \u00e0 embaucher des coachs\/entra\u00eeneurs bilingues \u00e0 temps partiel ou temps plein qui ont une ou plusieurs des comp\u00e9tences suivantes : arts a\u00e9riens, jonglerie et manipulation d\u2019accessoires, \u00e9quilibre, appuis renvers\u00e9s, monocycle, gymnastique au sol \/ tumbling. Noter que notre client\u00e8le est surtout anglophone. Doit aimer travailler avec les enfants et les adultes, mais surtout les enfants. Exp\u00e9rience dans l\u2019enseignement ou le coaching est un atout. Il nous ferait plaisir d\u2019offrir une formation aux candidats avec du potentiel.<\/p>\n<p>Les heures de travail seraient principalement le soir et la fin de semaine, ainsi que le jour durant les camps d\u2019\u00e9t\u00e9 et le hours pour des group scolaire.<\/p>\n<p>Le salaire est variable selon l\u2019exp\u00e9rience.<\/p>\n<p>Les candidat-e-s sont invit\u00e9-e-s \u00e0 envoyer leur CV et une lettre d\u2019int\u00e9r\u00eat par COURRIEL \u00e0 ottawacircus@gmail.com<\/p>\n<p><span style=\"text-decoration: underline;\"><b>Assistante administrative bilingue (anglais-francais) \u00e0 temps partiel<br \/>\n15-20 heures\/semaine, peut devenir temps plein plus tard<\/b><\/span><\/p>\n<p>\u00c0 la recherche de personnes dynamiques poss\u00e9dant d\u2019excellentes comp\u00e9tences en communication (surtout en anglais \u00e9crit et parl\u00e9 mais aussi en francais) et d\u2019excellentes comp\u00e9tences en organisation pour aider au travail de r\u00e9ception, accueillir les clients, r\u00e9pondre aux demandes de renseignements par t\u00e9l\u00e9phone, en personne et par courriel dans les deux langues, confirmer les r\u00e9servations, prendre les inscriptions et les r\u00e9servations pour les programmes, aider avec l\u2019horaire, un peu de tenue de livres (entr\u00e9e de donn\u00e9es), mise \u00e0 jour du contenu sur le Web et les m\u00e9dias sociaux et un peu de nettoyage l\u00e9ger.<\/p>\n<p>Les heures de travail seraient principalement le soir et la fin de semaine, et possiblement le jour durant les camps d\u2019\u00e9t\u00e9.<\/p>\n<p>Les candidat-e-s sont invit\u00e9-e-s \u00e0 envoyer leur CV et une lettre d\u2019int\u00e9r\u00eat par COURRIEL \u00e0 ottawacircus@gmail.com<\/p>\n<p><img loading=\"lazy\" decoding=\"async\" class=\"alignnone size-full wp-image-6071\" src=\"https:\/\/ottawacircusschool.com\/wp-content\/uploads\/staff-action-shot-lr-1.jpg\" alt=\"\" width=\"403\" height=\"302\" srcset=\"https:\/\/ottawacircusschool.com\/wp-content\/uploads\/staff-action-shot-lr-1.jpg 403w, https:\/\/ottawacircusschool.com\/wp-content\/uploads\/staff-action-shot-lr-1-300x225.jpg 300w\" sizes=\"auto, (max-width: 403px) 100vw, 403px\" \/><\/p>","protected":false},"excerpt":{"rendered":"<p>We are growing our team! Applicants are asked to send a resume and letter of interest by EMAIL to ottawacircus@gmail.com We are currently looking for: Circus Instructors with some background in one or more circus arts or gymnastics. Teaching experience is ideal but we will train intermediate or advanced-level students.\u00a0 Bilingual Admin Assistant (Strong written [&hellip;]<\/p>\n","protected":false},"author":4,"featured_media":0,"parent":0,"menu_order":0,"comment_status":"closed","ping_status":"closed","template":"","meta":{"footnotes":""},"class_list":["post-4070","page","type-page","status-publish","hentry"],"_links":{"self":[{"href":"https:\/\/ottawacircusschool.com\/fr\/wp-json\/wp\/v2\/pages\/4070","targetHints":{"allow":["GET"]}}],"collection":[{"href":"https:\/\/ottawacircusschool.com\/fr\/wp-json\/wp\/v2\/pages"}],"about":[{"href":"https:\/\/ottawacircusschool.com\/fr\/wp-json\/wp\/v2\/types\/page"}],"author":[{"embeddable":true,"href":"https:\/\/ottawacircusschool.com\/fr\/wp-json\/wp\/v2\/users\/4"}],"replies":[{"embeddable":true,"href":"https:\/\/ottawacircusschool.com\/fr\/wp-json\/wp\/v2\/comments?post=4070"}],"version-history":[{"count":34,"href":"https:\/\/ottawacircusschool.com\/fr\/wp-json\/wp\/v2\/pages\/4070\/revisions"}],"predecessor-version":[{"id":8486,"href":"https:\/\/ottawacircusschool.com\/fr\/wp-json\/wp\/v2\/pages\/4070\/revisions\/8486"}],"wp:attachment":[{"href":"https:\/\/ottawacircusschool.com\/fr\/wp-json\/wp\/v2\/media?parent=4070"}],"curies":[{"name":"wp","href":"https:\/\/api.w.org\/{rel}","templated":true}]}}