{"id":39,"date":"2013-04-05T21:01:14","date_gmt":"2013-04-05T21:01:14","guid":{"rendered":"http:\/\/minicirque.darkscot.com\/?page_id=21"},"modified":"2025-09-23T16:40:44","modified_gmt":"2025-09-23T21:40:44","slug":"contact","status":"publish","type":"page","link":"https:\/\/ottawacircusschool.com\/fr\/contact\/","title":{"rendered":"Contact"},"content":{"rendered":"<p>Contactez-nous! Nous voulons vous entendre et nous serions ravis de r\u00e9pondre \u00e0 vos questions.<\/p>\n\n\n\n<p><strong>Adresse: <\/strong><br>800, avenue Industrial, unit\u00e9 16, Ottawa, Ontario.<\/p>\n\n\n\n<p><strong>L\u2019horaire des cours hebdomadaires<\/strong>:<br>Consultez nos horaires <a href=\"https:\/\/ottawacircusschool.com\/fr\/schedule\/\" data-type=\"link\" data-id=\"https:\/\/ottawacircusschool.com\/schedule\/\">ici<\/a> <\/p>\n\n\n\n<p><strong>Courriel :<\/strong><br>Questions g\u00e9n\u00e9rales sur nos programmes : Sophie <a href=\"mailto:ottawacircus@gmail.com\" target=\"_blank\" rel=\"noreferrer noopener\">ottawacircus@gmail.com<\/a><br>Registration, payments or other questions for receptionist: <a href=\"mailto:ottawacircusschool@gmail.com\" target=\"_blank\" rel=\"noreferrer noopener\">ottawacircusschool@gmail.com<\/a><\/p>\n\n\n\n<p><strong>T\u00e9l\u00e9phone:<\/strong>:<br>Boite vocal g\u00e9n\u00e9rale : (613) 416-9569<br>Portable \u00e0 Sophie. : (819) 328-9209<br><\/p>\n\n\n\n<p>Ou abonnez-vous \u00e0 notre liste de diffusion pour des notification de nouvelle environs 4 fois par ann\u00e9e.<\/p>\n\n\n\n<div align=\"left\">\n<p><a class=\"button\" style=\"background-color: #72ffff; border: 1px solid #5b5b5b; color: #000000; display: inline-block; padding: 8px 10px; text-shadow: none; border-radius: 20px;\" href=\"https:\/\/visitor.r20.constantcontact.com\/d.jsp?llr=cpivc7cab&amp;p=oi&amp;m=1102601429474&amp;sit=xz7wkwgeb&amp;f=e071a4e2-2930-4d80-ace0-f46cb7bdaf3b\">Abonnez-vous \u00e0 notre liste de diffusion<\/a><\/p>\n<p>&nbsp;<\/p>\n<\/div>","protected":false},"excerpt":{"rendered":"<p>Get in touch! We&#8217;d love to hear from you and are happy to answer any questions. Address: 800 Industrial Avenue, Unit 16, Ottawa, ON. The schedule of weekly classes:Find our Schedules here Email:General questions about our programs: Sophie ottawacircus@gmail.comRegistration, payments or other questions for receptionist: ottawacircusschool@gmail.com Phone:Main voice mail: (613) 416-9569Sophie&#8217;s cell: (819) 328-9209 Or [&hellip;]<\/p>\n","protected":false},"author":4,"featured_media":0,"parent":0,"menu_order":0,"comment_status":"closed","ping_status":"open","template":"","meta":{"footnotes":""},"class_list":["post-39","page","type-page","status-publish","hentry"],"_links":{"self":[{"href":"https:\/\/ottawacircusschool.com\/fr\/wp-json\/wp\/v2\/pages\/39","targetHints":{"allow":["GET"]}}],"collection":[{"href":"https:\/\/ottawacircusschool.com\/fr\/wp-json\/wp\/v2\/pages"}],"about":[{"href":"https:\/\/ottawacircusschool.com\/fr\/wp-json\/wp\/v2\/types\/page"}],"author":[{"embeddable":true,"href":"https:\/\/ottawacircusschool.com\/fr\/wp-json\/wp\/v2\/users\/4"}],"replies":[{"embeddable":true,"href":"https:\/\/ottawacircusschool.com\/fr\/wp-json\/wp\/v2\/comments?post=39"}],"version-history":[{"count":29,"href":"https:\/\/ottawacircusschool.com\/fr\/wp-json\/wp\/v2\/pages\/39\/revisions"}],"predecessor-version":[{"id":8625,"href":"https:\/\/ottawacircusschool.com\/fr\/wp-json\/wp\/v2\/pages\/39\/revisions\/8625"}],"wp:attachment":[{"href":"https:\/\/ottawacircusschool.com\/fr\/wp-json\/wp\/v2\/media?parent=39"}],"curies":[{"name":"wp","href":"https:\/\/api.w.org\/{rel}","templated":true}]}}