{"id":1886,"date":"2017-06-27T12:29:02","date_gmt":"2017-06-27T12:29:02","guid":{"rendered":"http:\/\/ottawacircusschool.com\/?page_id=1886"},"modified":"2026-05-03T15:25:43","modified_gmt":"2026-05-03T20:25:43","slug":"parties-3","status":"publish","type":"page","link":"https:\/\/ottawacircusschool.com\/fr\/parties-3\/","title":{"rendered":"F\u00eates"},"content":{"rendered":"<p><strong>Nous offrons des f\u00eates de cirque !<\/strong><\/p>\n\n\n\n<figure class=\"wp-block-image size-full is-resized\"><img loading=\"lazy\" decoding=\"async\" width=\"550\" height=\"400\" src=\"https:\/\/ottawacircusschool.com\/wp-content\/uploads\/Ottawa-Circus-School-Teen-Aerial-mr.jpg\" alt=\"\" class=\"wp-image-8851\" style=\"aspect-ratio:1.375014649009727;width:619px;height:auto\" srcset=\"https:\/\/ottawacircusschool.com\/wp-content\/uploads\/Ottawa-Circus-School-Teen-Aerial-mr.jpg 550w, https:\/\/ottawacircusschool.com\/wp-content\/uploads\/Ottawa-Circus-School-Teen-Aerial-mr-300x218.jpg 300w, https:\/\/ottawacircusschool.com\/wp-content\/uploads\/Ottawa-Circus-School-Teen-Aerial-mr-18x12.jpg 18w\" sizes=\"auto, (max-width: 550px) 100vw, 550px\" \/><\/figure>\n\n\n\n<p>Nous offrons des f\u00eates inoubliables pour les enfants \u00e0 partir de 8 ans (6 ans minimum) jusqu'aux adultes. Laissez-nous divertir votre groupe en lui permettant d\u2019apprendre des techniques de cirque accessibles avec nos entra\u00eeneurs experts.\n\nEnsuite, dirigez-vous vers notre salle de f\u00eate pour profiter de vos collations et de votre g\u00e2teau. Nous nous occupons m\u00eame du nettoyage.<\/p>\n\n\n\n<p>Veuillez noter que nous offrons des f\u00eates uniquement les samedis, de septembre \u00e0 juin. Nous sommes ferm\u00e9s le dimanche ainsi que les fins de semaine pendant l\u2019\u00e9t\u00e9.<\/p>\n\n\n\n<h4 class=\"wp-block-heading\"><strong>Comment se d\u00e9roule la f\u00eate?<\/strong><\/h4>\n\n\n\n<p>La f\u00eate consiste en une visite de 1,5 ou 2 heures \u00e0 l\u2019\u00c9cole de cirque d\u2019Ottawa.<\/p>\n\n\n\n<p>La premi\u00e8re partie de la f\u00eate est un atelier de cirque de 1 heure ou 1,5 heure avec nos entra\u00eeneurs experts (voir la liste des activit\u00e9s super amusantes ci-dessous dans la FAQ).<\/p>\n\n\n\n<p>Ensuite, pour la deuxi\u00e8me partie, vous aurez acc\u00e8s \u00e0 une salle pour 30 minutes, ou plus au besoin, pour vos collations et cadeaux (tables, chaises et d\u00e9corations fournies, vous apportez votre propre nourriture et vos boissons). Notre petite salle a une capacit\u00e9 de 28 places assises.<\/p>\n\n\n\n<p>Le nombre d\u2019enfants comprend l\u2019enfant f\u00eat\u00e9. Les fr\u00e8res et s\u0153urs \u00e2g\u00e9s de 3 ans ou moins peuvent venir gratuitement, mais doivent \u00eatre bien surveill\u00e9s par leurs parents pour leur s\u00e9curit\u00e9.<\/p>\n\n\n\n<p>Consultez notre foire aux questions ci-dessous ou remplissez le formulaire de demande de r\u00e9servation pour conna\u00eetre les blocs horaires disponibles.<\/p>\n\n\n<div class=\"wp-block-image\">\n<figure class=\"alignleft size-full is-resized\"><img loading=\"lazy\" decoding=\"async\" width=\"450\" height=\"450\" src=\"https:\/\/ottawacircusschool.com\/wp-content\/uploads\/2019-Showcase-plates.jpg\" alt=\"\" class=\"wp-image-8856\" style=\"width:339px;height:auto\" srcset=\"https:\/\/ottawacircusschool.com\/wp-content\/uploads\/2019-Showcase-plates.jpg 450w, https:\/\/ottawacircusschool.com\/wp-content\/uploads\/2019-Showcase-plates-300x300.jpg 300w, https:\/\/ottawacircusschool.com\/wp-content\/uploads\/2019-Showcase-plates-150x150.jpg 150w, https:\/\/ottawacircusschool.com\/wp-content\/uploads\/2019-Showcase-plates-12x12.jpg 12w\" sizes=\"auto, (max-width: 450px) 100vw, 450px\" \/><\/figure>\n<\/div>\n\n\n<p><strong>D\u00e9tails de l\u2019atelier de cirque de 1 heure ou 1,5 heure avec nos entra\u00eeneurs :<\/strong><br>Un \u00e9chauffement met tout le monde en mouvement, puis nos formidables entra\u00eeneurs enseignent aux participants une vari\u00e9t\u00e9 de techniques de cirque, incluant les tissus a\u00e9riens et des accessoires au sol : assiettes chinoises, foulards et b\u00e2tons-fleurs.<\/p>\n\n\n\n<p>Les tissus a\u00e9riens sont g\u00e9n\u00e9ralement le moment fort. Nous y consacrons la moiti\u00e9 de l\u2019atelier, le reste du temps \u00e9tant d\u00e9di\u00e9 aux accessoires \u2014 un \u00e9quilibre qui convient bien \u00e0 diff\u00e9rents niveaux d\u2019aptitudes physiques.<\/p>\n\n\n\n<p>Nous commen\u00e7ons par des figures accessibles, adapt\u00e9es \u00e0 l\u2019\u00e2ge et au niveau du groupe, puis nous ajoutons progressivement des d\u00e9fis afin que tout le monde reste engag\u00e9. L\u2019objectif est simple : que chaque participant reparte avec de nouvelles comp\u00e9tences et le sourire.<\/p>\n\n\n\n<p>La s\u00e9ance se termine par une courte performance de nos incroyables entra\u00eeneurs, suivie d\u2019une photo de groupe.<\/p>\n\n\n\n<p><strong>30 minutes dans la salle de f\u00eate :<br><\/strong>Apr\u00e8s les ateliers, vous vous dirigez vers la salle de f\u00eate. Nous vous laissons entre vous afin de profiter de vos collations, du g\u00e2teau et de l\u2019ouverture des cadeaux.\n\nVous apportez vos propres collations, g\u00e2teau, assiettes, etc., et nous nous occupons du nettoyage.<\/p>\n\n\n\n<p><strong>Options<\/strong><\/p>\n\n\n\n<p>3-7 enfants \u2013 1 entra\u00eeneur \u2013 1.5 heures \u2013 250$<br>3-7 enfants \u2013 1 entra\u00eeneur \u2013 2 heures \u2013 300$<br>8-14 enfants \u2013 2 entra\u00eeneurs \u2013 1.5 heures \u2013 350$<br>8-14 enfants \u2013 2 entra\u00eeneurs \u2013 2 heures \u2013 450$<br>15-21 enfants \u2013 3 entra\u00eeneurs \u2013 1.5 heures \u2013 500$<br>15-21 enfants \u2013 3 entra\u00eeneurs \u2013 2 heures \u2013 650$<br>22-28 enfants \u2013 4 entra\u00eeneurs \u2013 1.5 heures \u2013 600$<br>22-28 enfants \u2013 4 entra\u00eeneurs \u2013 2 heures \u2013 750$<\/p>\n\n\n\n<p><span style=\"text-decoration: underline;\"><a href=\"https:\/\/docs.google.com\/forms\/d\/e\/1FAIpQLScf5u_OtojODN4PVw9_Etl_nEfbuw0SA2BvG_dD0yRPgrZhjg\/viewform?usp=sf_link\" data-type=\"link\" data-id=\"https:\/\/docs.google.com\/forms\/d\/e\/1FAIpQLScdlQCmM9LvZAjf_EvAlk5W05gQk8faJEsg5zqO8mV98Vszdg\/viewform?usp=sf_link\" target=\"_blank\" rel=\"noreferrer noopener\">Cliquez ici pour remplir un formulaire de demande pour une r\u00e9servation<\/a><\/span><\/p>\n\n\n\n<p><strong>Quoi porter :&nbsp;<\/strong>Tenue sportive. Aucun bijou, car ils pourraient s\u2019accrocher au tissu a\u00e9rien. Les ongles doivent \u00eatre coup\u00e9s courts et bien lim\u00e9s pour \u00e9viter de s\u2019accrocher aux tissus.\n\nAbsolument aucun : fermeture \u00e9clair, bouton, \u0153illet, plastique ou m\u00e9tal de quelque sorte que ce soit sur les v\u00eatements, car cela pourrait endommager les tissus et \u00eatre inconfortable. Les leggings ou pantalons de sport sont id\u00e9aux. Un haut ajust\u00e9 ou qui peut \u00eatre rentr\u00e9 dans le pantalon est pr\u00e9f\u00e9rable pour les inversions.\n\nLes cheveux longs doivent \u00eatre attach\u00e9s. Nous travaillerons principalement en chaussettes ou pieds nus.<\/p>\n\n\n<div class=\"wp-block-image\">\n<figure class=\"alignleft size-full is-resized\"><img loading=\"lazy\" decoding=\"async\" width=\"449\" height=\"362\" src=\"https:\/\/ottawacircusschool.com\/wp-content\/uploads\/Esteban-with-plates.jpg\" alt=\"\" class=\"wp-image-8857\" style=\"aspect-ratio:1.2403418655846679;width:356px;height:auto\" srcset=\"https:\/\/ottawacircusschool.com\/wp-content\/uploads\/Esteban-with-plates.jpg 449w, https:\/\/ottawacircusschool.com\/wp-content\/uploads\/Esteban-with-plates-300x242.jpg 300w, https:\/\/ottawacircusschool.com\/wp-content\/uploads\/Esteban-with-plates-15x12.jpg 15w\" sizes=\"auto, (max-width: 449px) 100vw, 449px\" \/><\/figure>\n<\/div>\n\n\n<p>Nous pouvons fournir des verres et un pichet d\u2019eau; l\u2019eau du robinet est potable.<\/p>\n\n\n\n<p><strong>Cadeaux pour vos invit\u00e9s?<\/strong><\/p>\n\n\n\n<p class=\"translation-block\">Plut\u00f4t que des sacs surprises, pourquoi ne pas offrir un petit accessoire de cirque comme cadeau \u00e0 chaque invit\u00e9? Nous proposons des foulards ou balles de jonglerie, assiettes tournantes ou plumes de paon dans notre boutique. Ceux-ci co\u00fbtent entre 8 $ et 30 $ par article. Les enfants peuvent jouer avec en attendant que leurs parents les ramassent. Consultez notre<strong> <a href=\"https:\/\/ottawacircusschool.com\/fr\/shop\/\">page de boutique<\/a><\/strong> pour voir ce que nous avons et ajoutez-les \u00e0 votre r\u00e9servation.<\/p>\n\n\n\n<h1 class=\"wp-block-heading\">FAQ<\/h1>\n\n\n\n<p><strong>Combien de temps faut-il r\u00e9server d\u2019avance?<\/strong><\/p>\n\n\n\n<p>Nous avons trois plages horaires disponibles chaque samedi. Plus vous r\u00e9servez t\u00f4t, plus vous avez de chances d\u2019obtenir une plage horaire.\n\nNous ferons de notre mieux pour accommoder les demandes de derni\u00e8re minute, mais en g\u00e9n\u00e9ral, r\u00e9server de 1 \u00e0 3 mois \u00e0 l\u2019avance est id\u00e9al.<\/p>\n\n\n\n<p><strong>Ai-je besoin d\u2019apporter des d\u00e9corations?<\/strong><\/p>\n\n\n\n<p>Il n\u2019est pas n\u00e9cessaire d\u2019apporter des d\u00e9corations. Voici notre salle de f\u00eate en mezzanine (de nos anciens locaux). Nous sommes en train d\u2019am\u00e9nager le nouveau site de mani\u00e8re similaire, afin qu\u2019il soit d\u00e9j\u00e0 joliment d\u00e9cor\u00e9 tel quel.<\/p>\n\n\n<div class=\"wp-block-image\">\n<figure class=\"aligncenter\"><img loading=\"lazy\" decoding=\"async\" width=\"531\" height=\"299\" src=\"http:\/\/ottawacircusschool.com\/wp-content\/uploads\/mezzanine-5-lr.jpg\" alt=\"\" class=\"wp-image-5740\" srcset=\"https:\/\/ottawacircusschool.com\/wp-content\/uploads\/mezzanine-5-lr.jpg 531w, https:\/\/ottawacircusschool.com\/wp-content\/uploads\/mezzanine-5-lr-300x169.jpg 300w\" sizes=\"auto, (max-width: 531px) 100vw, 531px\" \/><\/figure>\n<\/div>\n\n\n<p><strong>Les f\u00eates s\u2019adressent \u00e0 quels groupes d\u2019\u00e2ge?<\/strong><\/p>\n\n\n\n<p>L\u2019\u00e2ge id\u00e9al est de 8 ans et plus, mais nous pouvons accueillir des enfants d\u00e8s 6 ans, ainsi que des adolescents et des adultes. S\u2019il y a des enfants de 5 ans dans votre groupe, ils sont \u00e9galement les bienvenus, mais c\u2019est l\u2019\u00e2ge minimum.\n\nNous adaptons les activit\u00e9s et le rythme en fonction de l\u2019\u00e2ge et du niveau des participants.<\/p>\n\n\n\n<p><strong>Que faire s\u2019il y a un ou deux fr\u00e8res et s\u0153urs qui ont moins de 5 ans ?<\/strong><\/p>\n\n\n\n<p>Cette situation arrive tr\u00e8s souvent, donc vous n\u2019\u00eates certainement pas les seuls.<\/p>\n\n\n\n<p>Les enfants de moins de 5 ans sont les bienvenus, mais ils n\u2019ont g\u00e9n\u00e9ralement pas encore la coordination ni la concentration n\u00e9cessaires pour suivre pleinement avec les plus grands. Cela dit, nous faisons toujours de notre mieux pour qu\u2019ils se sentent inclus et fassent partie de l\u2019exp\u00e9rience.\n\nPour leur s\u00e9curit\u00e9 et pour les aider \u00e0 en profiter au maximum, nous demandons qu\u2019un parent reste \u00e0 proximit\u00e9 pour les accompagner pendant les activit\u00e9s.\n\nSi vous ne vous attendez pas \u00e0 ce qu\u2019ils participent beaucoup, ils n\u2019ont pas besoin d\u2019\u00eatre compt\u00e9s comme participants.<\/p>\n\n\n\n<p><strong>Faites-vous des f\u00eates d\u2019anniversaire pour adultes? Nous n\u2019avons pas besoin de la salle d\u2019anniversaire, car nous sortirons apr\u00e8s.<\/strong><\/p>\n\n\n\n<p>Oui, absolument ! Si vous n\u2019avez pas besoin de la salle de f\u00eate, nous d\u00e9duirons 50 $ du montant total.<\/p>\n\n\n\n<p><strong>Que font les parents pendant les ateliers pour enfants?<\/strong><\/p>\n\n\n\n<p>Les parents sont les bienvenus pour participer aux activit\u00e9s (assurez-vous de respecter le code vestimentaire si vous participez), ou pour rester en retrait, prendre des photos, ou simplement s\u2019asseoir, se d\u00e9tendre et nous laisser divertir les enfants. C\u2019est enti\u00e8rement \u00e0 votre choix.\n\nLes parents n\u2019ont pas besoin d\u2019\u00eatre pr\u00e9sents pendant l\u2019atelier, mais ils sont responsables du groupe pendant le temps pass\u00e9 dans la salle de f\u00eate.<\/p>\n\n\n\n<p><strong>Qu\u2019en est-il de la nourriture, des boissons et des g\u00e2teaux, des assiettes et des ustensiles?<\/strong><\/p>\n\n\n\n<p>Vous apportez toute votre nourriture, boissons, g\u00e2teaux, assiettes et ustensiles. Nous fournissons des tables, des nappes et des chaises dans une salle festive. Nous prenons soin de tout nettoyer. Il n\u2019y a pas de restrictions alimentaires, mais nous vous encourageons \u00e0 v\u00e9rifier aupr\u00e8s de vos invit\u00e9s pour toute allergie.<\/p>\n\n\n\n<p>La nourriture est autoris\u00e9e uniquement dans la salle de f\u00eate.<\/p>\n\n\n\n<p>Notez qu\u2019il n\u2019y a actuellement pas de frigo ni de micro-ondes.<\/p>\n\n\n\n<p>Nous pouvons fournir une cruche d\u2019eau et des tasses en plastique. Pas besoin d\u2019apporter des bouteilles d\u2019eau. L\u2019eau du robinet est potable.<\/p>\n\n\n\n<p><strong>Fournissez-vous un service de traiteur?<\/strong><\/p>\n\n\n\n<p>Nous ne fournissons pas encore ce service, mais nous travaillons pour que cette option soit disponible pour nos clients \u00e0 l\u2019avenir. Beaucoup de nos clients choisissent de commander une pizza et de la faire livrer \u00e0 l\u2019\u00c9cole du cirque. Ou vous pouvez apporter votre propre nourriture.<\/p>\n\n\n\n<p><strong>Quand dois-je payer? Comment faut-il payer?<\/strong><\/p>\n\n\n\n<p>Le paiement complet est n\u00e9cessaire au moment de votre r\u00e9servation. Nous acceptons Visa, Master Card, transfere interact, et l\u2019argent comptant. Nous n\u2019acceptons pas de carte d\u00e9bit. Nous pouvons prendre un paiement en vous envoyant un lien par courriel, au t\u00e9l\u00e9phone ou bien en personne avec rendez-vous.<\/p>\n\n\n\n<p><strong>Quelle est votre politique d\u2019annulation?<\/strong><\/p>\n\n\n\n<p>Les f\u00eates d\u2019anniversaire ne sont pas remboursables. Lorsque nous r\u00e9servons les entra\u00eeneurs et les espaces pour votre groupe, nous refusons d\u2019autres demandes.<\/p>\n\n\n\n<p><strong>Que se passe-t-il si je ne suis pas s\u00fbr du nombre d\u2019invit\u00e9s qui me confirmeront? Comment puis-je savoir quel forfait r\u00e9server?<\/strong><\/p>\n\n\n\n<p>Dans ce cas, nous vous recommandons de nous en informer le plus t\u00f4t possible. Il est parfois possible de commencer avec une r\u00e9servation de forfait plus petit, puis de faire un surclassement au moins 2 semaines \u00e0 l\u2019avance.\n\nSi vous souhaitez faire un surclassement, contactez-nous et nous v\u00e9rifierons s\u2019il reste suffisamment d\u2019espace et de personnel disponible.\n\nVeuillez noter que la disponibilit\u00e9 de nos espaces et de notre \u00e9quipe fonctionne selon le principe du premier arriv\u00e9, premier servi, et il se peut donc que nous ne puissions pas toujours accepter un surclassement. Plus vous nous pr\u00e9venez t\u00f4t, mieux c\u2019est.<\/p>\n\n\n\n<p><strong>Mon enfant est particuli\u00e8rement int\u00e9ress\u00e9 par une activit\u00e9 en particulier (jonglerie, tissus a\u00e9riens, hula hoop). Pouvons-nous faire une demande sp\u00e9ciale pour privil\u00e9gier ou, si possible, ne faire principalement que cette activit\u00e9 ?<\/strong><\/p>\n\n\n\n<p>Nous ferons de notre mieux pour adapter la f\u00eate \u00e0 l\u2019int\u00e9r\u00eat de votre enfant. S\u2019il y a une discipline de cirque sur laquelle vous voulez passer plus de temps ou que vous voulez absolument inclure, surtout si vous achetez des accessoires de cirque comme cadeaux pour vos invit\u00e9s, alors faites-le-nous savoir au moment de la r\u00e9servation.<\/p>\n\n\n\n<p><strong>Combien de temps \u00e0 l\u2019avance devrais-je arriver? Combien de temps \u00e0 l\u2019avance puis-je acc\u00e9der \u00e0 la salle de f\u00eate?<\/strong><\/p>\n\n\n\n<p>N\u2019h\u00e9sitez pas \u00e0 arriver 10 \u00e0 15 minutes \u00e0 l\u2019avance. Souvent, la petite salle de f\u00eate est libre pendant l\u2019atelier, et les parents sont donc les bienvenus pour commencer \u00e0 s\u2019installer pendant que les enfants participent \u00e0 l\u2019activit\u00e9.\n\nDans certains cas, vous pourriez avoir 5 \u00e0 10 minutes pour installer votre nourriture, mais notre \u00e9quipe se fera un plaisir de vous aider.<\/p>\n\n\n\n<p><strong>Qu\u2019en est-il de l\u2019accessibilit\u00e9, avez-vous des rampes?<\/strong><\/p>\n\n\n\n<p>Les studios d\u2019entra\u00eenement sont situ\u00e9s au rez-de-chauss\u00e9e, mais il y a une marche de 3 pouces \u00e0 l\u2019entr\u00e9e. Il y a une toilette accessible aux fauteuil roulant.<\/p>\n\n\n\n<p><strong>J\u2019aimerais voir \u00e0 quoi ressemble l\u2019\u00e9cole de cirque, est-ce possible?<\/strong><\/p>\n\n\n\n<p>Vous \u00eates les bienvenus pour passer nous voir \u00e0 tout moment lorsque des cours ont lieu, afin de jeter un coup d\u2019\u0153il aux studios et \u00e0 la salle de f\u00eate s\u2019il n\u2019y a pas de groupe \u00e0 ce moment-l\u00e0. Il se peut toutefois qu\u2019il n\u2019y ait pas de personnel disponible, car nous pourrions tous \u00eatre en train d\u2019enseigner.\n\nSi vous venez pendant nos s\u00e9ances de gym libre, quelqu\u2019un sera disponible pour vous faire visiter et r\u00e9pondre \u00e0 vos questions. Vous pouvez \u00e9galement prendre rendez-vous. Consultez notre horaire de cours pour savoir quand nous sommes ouverts. <strong><a href=\"https:\/\/ottawacircusschool.com\/fr\/schedule\/\" target=\"_blank\" rel=\"noreferrer noopener\">horaire<\/a> <\/strong>of classes to find out when we are open.<\/p>\n\n\n\n<p><strong>Les parents de mes invit\u00e9s doivent-ils signer des d\u00e9charges ?<\/strong><\/p>\n\n\n\n<p>Oui. Nous allons inclure le lien dans votre courriel de confirmation. Vous pouvez \u00e9galement l\u2019afficher ou l\u2019imprimer ici : <a href=\"https:\/\/ottawacircusschool.com\/wp-content\/uploads\/2025-OCS-Waiver-for-birthday-parties_fra.pdf\" target=\"_blank\" rel=\"noreferrer noopener\">D\u00e9charge<\/a><\/p>\n\n\n\n<p><strong>Pr\u00eat \u00e0 r\u00e9server un bloc horaire pour votre f\u00eate super amusante? <\/strong><\/p>\n\n\n\n<p>Remontez cette page et soumettez le formulaire au lien: \u00ab Cliquez ici pour remplir un formulaire de demande pour une r\u00e9servation \u00bb<\/p>\n\n\n\n<p><\/p>","protected":false},"excerpt":{"rendered":"<p>We offer circus parties! We offer special and memorable parties for the birthday child and their guests. Age is for 8+ (6 years minimum) all the way to adult Let us entertain your group by letting them join the circus for a couple of hours and learn some accessible circus skills with our expert coaches. [&hellip;]<\/p>\n","protected":false},"author":4,"featured_media":0,"parent":0,"menu_order":0,"comment_status":"closed","ping_status":"closed","template":"","meta":{"footnotes":""},"class_list":["post-1886","page","type-page","status-publish","hentry"],"_links":{"self":[{"href":"https:\/\/ottawacircusschool.com\/fr\/wp-json\/wp\/v2\/pages\/1886","targetHints":{"allow":["GET"]}}],"collection":[{"href":"https:\/\/ottawacircusschool.com\/fr\/wp-json\/wp\/v2\/pages"}],"about":[{"href":"https:\/\/ottawacircusschool.com\/fr\/wp-json\/wp\/v2\/types\/page"}],"author":[{"embeddable":true,"href":"https:\/\/ottawacircusschool.com\/fr\/wp-json\/wp\/v2\/users\/4"}],"replies":[{"embeddable":true,"href":"https:\/\/ottawacircusschool.com\/fr\/wp-json\/wp\/v2\/comments?post=1886"}],"version-history":[{"count":114,"href":"https:\/\/ottawacircusschool.com\/fr\/wp-json\/wp\/v2\/pages\/1886\/revisions"}],"predecessor-version":[{"id":8867,"href":"https:\/\/ottawacircusschool.com\/fr\/wp-json\/wp\/v2\/pages\/1886\/revisions\/8867"}],"wp:attachment":[{"href":"https:\/\/ottawacircusschool.com\/fr\/wp-json\/wp\/v2\/media?parent=1886"}],"curies":[{"name":"wp","href":"https:\/\/api.w.org\/{rel}","templated":true}]}}