{"id":2989,"date":"2017-11-12T13:00:28","date_gmt":"2017-11-12T13:00:28","guid":{"rendered":"http:\/\/ottawacircusschool.com\/?page_id=2989"},"modified":"2024-03-04T15:59:46","modified_gmt":"2024-03-04T15:59:46","slug":"juggling-and-flow","status":"publish","type":"page","link":"https:\/\/ottawacircusschool.com\/en\/juggling-and-flow\/","title":{"rendered":"[:en]Juggling and prop manipulation[:fr]Jonglerie et manipulation d&#8217;accessoires[:]"},"content":{"rendered":"<p>[:en]<iframe loading=\"lazy\" src=\"https:\/\/www.youtube.com\/embed\/DRjch1E1Beg?rel=0\" width=\"560\" height=\"315\" frameborder=\"0\" allowfullscreen=\"allowfullscreen\"><\/iframe><\/p>\n<p><b>The video above is one of our instructor Andr\u00e9e Rainville. Andr\u00e9e is a multidisciplinary artist and currently one of our coaches for juggling and prop manipulation as well as aerial arts.<\/b><\/p>\n<p><img loading=\"lazy\" decoding=\"async\" class=\"wp-image-6220 size-full alignright\" src=\"http:\/\/ottawacircusschool.com\/wp-content\/uploads\/square-juggling.jpg\" alt=\"\" width=\"251\" height=\"251\" srcset=\"https:\/\/ottawacircusschool.com\/wp-content\/uploads\/square-juggling.jpg 251w, https:\/\/ottawacircusschool.com\/wp-content\/uploads\/square-juggling-150x150.jpg 150w\" sizes=\"auto, (max-width: 251px) 100vw, 251px\" \/><\/p>\n<p>In this all-levels all-ages class, adults or children over 9 years who receive an invitation will be guided by our coaches to learn skills with various circus props such as balls, scarves, clubs, rings, flower-sticks, diabolo, poi and more. Learn to pass clubs, do impressive tricks, create sequences and find your flow.<\/p>\n<p>Juggling and prop manipulation is fun, a great workout for the upper body and a nice way to meet new people.<\/p>\n<h3><strong><img loading=\"lazy\" decoding=\"async\" class=\" wp-image-4808 aligncenter\" src=\"http:\/\/ottawacircusschool.com\/wp-content\/uploads\/Flower-stick-lr.jpg\" alt=\"\" width=\"392\" height=\"355\" \/><img loading=\"lazy\" decoding=\"async\" class=\"size-full wp-image-7702 aligncenter\" src=\"https:\/\/ottawacircusschool.com\/wp-content\/uploads\/Xander-diabolo-3-4.jpg\" alt=\"\" width=\"400\" height=\"532\" srcset=\"https:\/\/ottawacircusschool.com\/wp-content\/uploads\/Xander-diabolo-3-4.jpg 400w, https:\/\/ottawacircusschool.com\/wp-content\/uploads\/Xander-diabolo-3-4-226x300.jpg 226w\" sizes=\"auto, (max-width: 400px) 100vw, 400px\" \/><\/strong><\/h3>\n<p><strong>Want a reminder when registration opens? Join our mailing list.<\/strong><\/p>\n<p><a href=\"https:\/\/visitor.r20.constantcontact.com\/manage\/optin?v=001dbhkIZY57-CufkGBXAPesdnszj6Zpen4qBsyDLwBDt9gLr5yf8hxPhjgih_RdJCOFGL6dWmjnVCRdsOsMR40G4xjreiB9N6uPE-mA9ZDILjpHkoZ79-2ZNXYg65DVFNdHIgRen3kiyNrcyTJZ_1iDBDz8byYCikF4Al8VCWqFxGZd035fuoA8y2QRP76gPcY\" target=\"_blank\" rel=\"noopener noreferrer\"><img loading=\"lazy\" decoding=\"async\" class=\"aligncenter wp-image-5570 size-full\" src=\"http:\/\/ottawacircusschool.com\/wp-content\/uploads\/join-our-mailing-list-2.jpg\" alt=\"\" width=\"146\" height=\"38\" \/><\/a><\/p>\n<p>[:fr]<iframe loading=\"lazy\" src=\"https:\/\/www.youtube.com\/embed\/DRjch1E1Beg?rel=0\" width=\"560\" height=\"315\" frameborder=\"0\" allowfullscreen=\"allowfullscreen\"><\/iframe><\/p>\n<p><strong>La vid\u00e9o ci-dessus montre notre instructrice Andr\u00e9e Rainville. Artiste multidisciplinaire, Andr\u00e9e est actuellement l&#8217;une de nos instructrices de jonglerie et de manipulation d&#8217;accessoires ainsi que d&#8217;arts a\u00e9riens.<\/strong><\/p>\n<p><img loading=\"lazy\" decoding=\"async\" class=\"wp-image-6220 size-full alignright\" src=\"http:\/\/ottawacircusschool.com\/wp-content\/uploads\/square-juggling.jpg\" alt=\"\" width=\"251\" height=\"251\" srcset=\"https:\/\/ottawacircusschool.com\/wp-content\/uploads\/square-juggling.jpg 251w, https:\/\/ottawacircusschool.com\/wp-content\/uploads\/square-juggling-150x150.jpg 150w\" sizes=\"auto, (max-width: 251px) 100vw, 251px\" \/>Dans ce cours pour tous les niveaux et tous les \u00e2ges, les adultes et les enfants de plus de 9 ans qui ont re\u00e7u une invitation seront guid\u00e9s par nos experts pour apprendre des techniques avec divers accessoires de cirque, comme des balles de jonglerie, des foulards, des b\u00e2tons-fleurs, des diabolos, des poi et plus encore. Apprenez \u00e0 \u00e9changer des quilles, faire des tours impressionnants, cr\u00e9er des s\u00e9quences et bouger en toute fluidit\u00e9 avec les accessoires.<\/p>\n<p>La jonglerie et la manipulation d&#8217;accessoires sont une partie de plaisir! C&#8217;est aussi une bonne s\u00e9ance d&#8217;entra\u00eenement pour le haut du corps et une bonne fa\u00e7on de rencontrer de nouvelles personnes.<\/p>\n<p><img loading=\"lazy\" decoding=\"async\" class=\"size-full wp-image-7702 aligncenter\" src=\"https:\/\/ottawacircusschool.com\/wp-content\/uploads\/Xander-diabolo-3-4.jpg\" alt=\"\" width=\"400\" height=\"532\" srcset=\"https:\/\/ottawacircusschool.com\/wp-content\/uploads\/Xander-diabolo-3-4.jpg 400w, https:\/\/ottawacircusschool.com\/wp-content\/uploads\/Xander-diabolo-3-4-226x300.jpg 226w\" sizes=\"auto, (max-width: 400px) 100vw, 400px\" \/><\/p>\n<p><strong><img loading=\"lazy\" decoding=\"async\" class=\" wp-image-4808 aligncenter\" src=\"http:\/\/ottawacircusschool.com\/wp-content\/uploads\/Flower-stick-lr.jpg\" alt=\"\" width=\"398\" height=\"360\" \/><\/strong><\/p>\n<p><strong>Vous voulez recevoir un rappel lors de la prochaine p\u00e9riode d&#8217;inscription? Abonnez-vous \u00e0 notre liste de diffusion.<\/strong><\/p>\n<p><a href=\"https:\/\/visitor.r20.constantcontact.com\/manage\/optin?v=001dbhkIZY57-CufkGBXAPesdnszj6Zpen4qBsyDLwBDt9gLr5yf8hxPhjgih_RdJCOFGL6dWmjnVCRdsOsMR40G4xjreiB9N6uPE-mA9ZDILjpHkoZ79-2ZNXYg65DVFNdHIgRen3kiyNrcyTJZ_1iDBDz8byYCikF4Al8VCWqFxGZd035fuoA8y2QRP76gPcY\" target=\"_blank\" rel=\"noopener noreferrer\"><img loading=\"lazy\" decoding=\"async\" class=\"aligncenter wp-image-5572 size-full\" src=\"http:\/\/ottawacircusschool.com\/wp-content\/uploads\/abonnezvous.jpg\" alt=\"\" width=\"147\" height=\"57\" \/><\/a><\/p>\n<p>[:]<\/p>\n","protected":false},"excerpt":{"rendered":"<p>[:en] The video above is one of our instructor Andr\u00e9e Rainville. Andr\u00e9e is a multidisciplinary artist and currently one of our coaches for juggling and prop manipulation as well as aerial arts. In this all-levels all-ages class, adults or children over 9 years who receive an invitation will be guided by our coaches to learn [&hellip;]<\/p>\n","protected":false},"author":4,"featured_media":0,"parent":0,"menu_order":0,"comment_status":"closed","ping_status":"closed","template":"","meta":{"footnotes":""},"class_list":["post-2989","page","type-page","status-publish","hentry"],"_links":{"self":[{"href":"https:\/\/ottawacircusschool.com\/en\/wp-json\/wp\/v2\/pages\/2989","targetHints":{"allow":["GET"]}}],"collection":[{"href":"https:\/\/ottawacircusschool.com\/en\/wp-json\/wp\/v2\/pages"}],"about":[{"href":"https:\/\/ottawacircusschool.com\/en\/wp-json\/wp\/v2\/types\/page"}],"author":[{"embeddable":true,"href":"https:\/\/ottawacircusschool.com\/en\/wp-json\/wp\/v2\/users\/4"}],"replies":[{"embeddable":true,"href":"https:\/\/ottawacircusschool.com\/en\/wp-json\/wp\/v2\/comments?post=2989"}],"version-history":[{"count":54,"href":"https:\/\/ottawacircusschool.com\/en\/wp-json\/wp\/v2\/pages\/2989\/revisions"}],"predecessor-version":[{"id":7761,"href":"https:\/\/ottawacircusschool.com\/en\/wp-json\/wp\/v2\/pages\/2989\/revisions\/7761"}],"wp:attachment":[{"href":"https:\/\/ottawacircusschool.com\/en\/wp-json\/wp\/v2\/media?parent=2989"}],"curies":[{"name":"wp","href":"https:\/\/api.w.org\/{rel}","templated":true}]}}