{"id":54,"date":"2013-04-09T20:08:23","date_gmt":"2013-04-09T20:08:23","guid":{"rendered":"http:\/\/minicirque.darkscot.com\/?page_id=54"},"modified":"2025-12-27T13:57:20","modified_gmt":"2025-12-27T18:57:20","slug":"the-team","status":"publish","type":"page","link":"http:\/\/ottawacircusschool.com\/fr\/the-team\/","title":{"rendered":"L\u2019\u00e9quipe"},"content":{"rendered":"<h1 class=\"wp-block-heading\"><strong>Rencontrer l'\u00e9quipe<\/strong><\/h1>\n\n\n\n<div><\/div>\n\n\n\n<div class=\"wp-block-media-text is-stacked-on-mobile is-vertically-aligned-top\"><figure class=\"wp-block-media-text__media\"><img loading=\"lazy\" decoding=\"async\" width=\"677\" height=\"674\" src=\"https:\/\/ottawacircusschool.com\/wp-content\/uploads\/Sophie_Latreille_2017.jpg\" alt=\"\" class=\"wp-image-8004 size-full\" srcset=\"https:\/\/ottawacircusschool.com\/wp-content\/uploads\/Sophie_Latreille_2017.jpg 677w, https:\/\/ottawacircusschool.com\/wp-content\/uploads\/Sophie_Latreille_2017-300x300.jpg 300w, https:\/\/ottawacircusschool.com\/wp-content\/uploads\/Sophie_Latreille_2017-150x150.jpg 150w, https:\/\/ottawacircusschool.com\/wp-content\/uploads\/Sophie_Latreille_2017-624x621.jpg 624w\" sizes=\"auto, (max-width: 677px) 100vw, 677px\" \/><\/figure><div class=\"wp-block-media-text__content\">\n<h2 class=\"wp-block-heading\"><strong>Sophie Latreille, Fondatrice, Directrice et entra\u00eeneur<\/strong><\/h2>\n\n\n\n<h2 class=\"wp-block-heading\"><strong>Hula hoops et arts du flow, Acro yoga, tissus a\u00e9rien  <\/strong><\/h2>\n\n\n\n<p>Sophie est une artiste de sc\u00e8ne professionnelle depuis plus de 20 ans. Elle est \u00e9galement cofondatrice et directrice de Mini Cirque et Fire Weavers. Elle enseigne depuis plus de 20 ans, d\u2019abord la danse, puis les arts du cirque. Elle est form\u00e9e de mani\u00e8re approfondie dans de nombreux types d\u2019arts du mouvement, notamment la danse au hula hoop, le poi flow, la danse de feu, le ballet et la danse contemporaine, l\u2019acrobatie avec partenaire, l\u2019acroyoga et de nombreux autres types d\u2019arts du cirque. Elle a remport\u00e9 de nombreux prix et distinctions, dont la premi\u00e8re place au Concours National des Buskers dans la cat\u00e9gorie de feu et la place de finaliste dans la cat\u00e9gorie multidisciplinaire en 2005 et 2006, ainsi qu\u2019une mention sp\u00e9ciale de la part du maire d\u2019Ottawa, Jim Watson, pour sa contribution \u00e0 la communaut\u00e9 en 2015. Ses spectacles ont \u00e9t\u00e9 pr\u00e9sent\u00e9s \u00e0 Ottawa et \u00e0 Montr\u00e9al, notamment lors du Festival canadien des tulipes, Festival Lumi\u00e8re, Jazz Fest, les c\u00e9l\u00e9brations de la f\u00eate du Canada, Winterlude, ainsi que lors de grands \u00e9v\u00e9nements internationaux dans plusieurs pays \u00e0 l\u2019\u00e9tranger.<\/p>\n<\/div><\/div>\n\n\n\n<div class=\"wp-block-media-text is-stacked-on-mobile is-vertically-aligned-top\"><figure class=\"wp-block-media-text__media\"><img loading=\"lazy\" decoding=\"async\" width=\"400\" height=\"514\" src=\"https:\/\/ottawacircusschool.com\/wp-content\/uploads\/Ottawa_Circus_School_Andree_trapeze-lr.jpg\" alt=\"\" class=\"wp-image-7445 size-full\" srcset=\"https:\/\/ottawacircusschool.com\/wp-content\/uploads\/Ottawa_Circus_School_Andree_trapeze-lr.jpg 400w, https:\/\/ottawacircusschool.com\/wp-content\/uploads\/Ottawa_Circus_School_Andree_trapeze-lr-233x300.jpg 233w\" sizes=\"auto, (max-width: 400px) 100vw, 400px\" \/><\/figure><div class=\"wp-block-media-text__content\">\n<h2 class=\"wp-block-heading\"><strong>Andr\u00e9e Rainville, Com\u00e9dienne et Artiste de Cirque<\/strong><\/h2>\n\n\n\n<h2 class=\"wp-block-heading\"><strong>\u00c9chasses, jonglerie, acrobatie et arts a\u00e9riens<\/strong><\/h2>\n\n\n\n<p>Elle obtient son Bacc.\u00e8s Arts, avec une sp\u00e9cialisation en Th\u00e9\u00e2tre et une concentration en Lettres fran\u00e7aises de l\u2019Universit\u00e9 d\u2019Ottawa en 2007. Ex gymnaste de comp\u00e9tition et autodidacte, elle s\u2019int\u00e9resse tr\u00e8s rapidement au arts du cirque et d\u00e9cide de prendre le plus de formations possible que ce soit en jonglerie, \u00e9chasses ou clown, un peu partout avec des artistes d\u2019ici et de Montr\u00e9al afin d\u2019approfondir ses connaissances. Suite \u00e0 son parcours th\u00e9\u00e2tral, elle fait partie du premier collectif de Cr\u00e9ations in Vivo, une compagnie de th\u00e9\u00e2tre multidisciplinaire bas\u00e9 \u00e0 Ottawa. En tant qu\u2019\u00e9chassi\u00e8re et com\u00e9dienne, elle travaille par la suite pour plusieurs compagnies de th\u00e9\u00e2tre, plusieurs \u00e9v\u00e9nements et festivals de la r\u00e9gion et partout au pays telles que le Th\u00e9\u00e2tre La Catapulte, Th\u00e9\u00e2tre de la Vieille 17, Th\u00e9\u00e2tre Belv\u00e9d\u00e8re, Th\u00e9\u00e2tre de l\u2019\u00eele, Cr\u00e9ations in Vivo, Look-up Arts A\u00e9riens, Cirque du Soleil, Th\u00e9\u00e2tre D\u00e9rives Urbaines, Festival des Tulipes, Bal de Neige, Festival Juste pour Rire pour en nommer que quelques-uns. Elle a tourn\u00e9e avec des spectacles de th\u00e9\u00e2tre et de cirque (clown, danse verticale et sway pole) partout au pays et ailleurs (Belgique, Indon\u00e9sie, P\u00e9rou) et elle enseigne les arts du cirque depuis plus d\u2019une quinzaine d\u2019ann\u00e9e d\u00e9j\u00e0. En plus d\u2019enseigner au Conservatoire de Th\u00e9\u00e2tre de l\u2019UO, Andr\u00e9e est tr\u00e8s heureuse de pouvoir partager sa passion et faire partie de la grande famille de l\u2019\u00c9cole de Cirque d\u2019Ottawa.<\/p>\n<\/div><\/div>\n\n\n\n<div class=\"wp-block-media-text is-stacked-on-mobile is-vertically-aligned-top\"><figure class=\"wp-block-media-text__media\"><img loading=\"lazy\" decoding=\"async\" width=\"600\" height=\"800\" src=\"https:\/\/ottawacircusschool.com\/wp-content\/uploads\/Melanie-Goguen-photo-action-shot-1-mr.jpg\" alt=\"\" class=\"wp-image-8009 size-full\" srcset=\"https:\/\/ottawacircusschool.com\/wp-content\/uploads\/Melanie-Goguen-photo-action-shot-1-mr.jpg 600w, https:\/\/ottawacircusschool.com\/wp-content\/uploads\/Melanie-Goguen-photo-action-shot-1-mr-225x300.jpg 225w\" sizes=\"auto, (max-width: 600px) 100vw, 600px\" \/><\/figure><div class=\"wp-block-media-text__content\">\n<h2 class=\"wp-block-heading\">Melanie Goguen, entra\u00eeneuse<\/h2>\n\n\n\n<h2 class=\"wp-block-heading\">Tissu a\u00e9rien, trap\u00e8ze, lyre<\/h2>\n\n\n\n<p>Avec un parcours incluant les arts martiaux, le yoga, la danse et le th\u00e9\u00e2tre, Melanie estime que le mouvement cr\u00e9atif est un \u00e9l\u00e9ment essentiel pour maintenir l\u2019\u00e9quilibre dans sa vie. Elle adore partager la joie des arts du cirque avec les autres \u00e0 travers la performance et l\u2019enseignement, en se sp\u00e9cialisant dans les tissus a\u00e9riens, le trap\u00e8ze et la lyre.<\/p>\n\n\n\n<p>La pratique des arts a\u00e9riens de Melanie s\u2019est intensifi\u00e9e en 2018 et en 2020, elle a commenc\u00e9 \u00e0 enseigner ses premiers cours \u00e0 l\u2019\u00c9cole de Cirque d\u2019Ottawa. En 2022, elle a \u00e9galement commenc\u00e9 \u00e0 se produire professionnellement. Melanie croit qu\u2019il y a quelque chose dans les arts du cirque pour les \u00e9l\u00e8ves de tous niveaux et qu\u2019il n\u2019est jamais trop tard pour apprendre quelque chose de nouveau. Elle rend ses cours flexibles et amusants afin de cibler les objectifs d\u2019apprentissage des \u00e9l\u00e8ves dans un environnement s\u00e9curis\u00e9.<\/p>\n<\/div><\/div>\n\n\n\n<p>&nbsp;<\/p>\n\n\n\n<div class=\"wp-block-media-text is-stacked-on-mobile is-vertically-aligned-top\"><figure class=\"wp-block-media-text__media\"><img loading=\"lazy\" decoding=\"async\" width=\"600\" height=\"900\" src=\"https:\/\/ottawacircusschool.com\/wp-content\/uploads\/Ryan-straps-mr-1.jpg\" alt=\"\" class=\"wp-image-7805 size-full\" srcset=\"https:\/\/ottawacircusschool.com\/wp-content\/uploads\/Ryan-straps-mr-1.jpg 600w, https:\/\/ottawacircusschool.com\/wp-content\/uploads\/Ryan-straps-mr-1-200x300.jpg 200w\" sizes=\"auto, (max-width: 600px) 100vw, 600px\" \/><\/figure><div class=\"wp-block-media-text__content\">\n<h2 class=\"wp-block-heading\"><strong>Ryan Lee, entra\u00eeneur<\/strong><\/h2>\n\n\n\n<h2 class=\"wp-block-heading\">Trap\u00e8ze, sangles<\/h2>\n\n\n\n<p>Ryan Lee est un artiste de cirque passionn\u00e9, profond\u00e9ment engag\u00e9 \u00e0 aider les autres \u00e0 atteindre leurs objectifs dans le monde des arts du cirque. Avec un ensemble de comp\u00e9tences polyvalentes qui vont des sangles a\u00e9riennes au trap\u00e8ze volant en passant par l\u2019\u00e9quilibrisme sur les mains, Ryan a \u00e9t\u00e9 une figure cl\u00e9 dans divers programmes de cirque prestigieux \u00e0 travers le monde. Son expertise inclut le double trap\u00e8ze , l\u2019acro duo\/porte, le jonglage, cracheur de feu\/poi et les \u00e9quilibres sur les mains, faisant de lui un coach et un performeur complet.<\/p>\n\n\n\n<p>Le parcours de Ryan dans le monde du cirque est marqu\u00e9 par des r\u00f4les significatifs au cours des 10 derni\u00e8res ann\u00e9es, notamment en tant que chef d\u2019entra\u00eenement du trap\u00e8ze volant au Club Med, coach et performeur au sein de Creactive by Cirque Du Soleil &amp; Club Med, coach des arts a\u00e9riens et du trap\u00e8ze \u00e0 Kutshers Sports Academy, ainsi que chef d\u2019entra\u00eenement et responsable du Flying Monkeys Trapeze \u00e0 Dublin, Irlande.<\/p>\n<\/div><\/div>\n\n\n\n<div class=\"wp-block-media-text is-stacked-on-mobile is-vertically-aligned-top\"><figure class=\"wp-block-media-text__media\"><img loading=\"lazy\" decoding=\"async\" width=\"600\" height=\"800\" src=\"https:\/\/ottawacircusschool.com\/wp-content\/uploads\/Claire-Ottawa-Circus-School-mr.jpg\" alt=\"\" class=\"wp-image-8044 size-full\" srcset=\"https:\/\/ottawacircusschool.com\/wp-content\/uploads\/Claire-Ottawa-Circus-School-mr.jpg 600w, https:\/\/ottawacircusschool.com\/wp-content\/uploads\/Claire-Ottawa-Circus-School-mr-225x300.jpg 225w\" sizes=\"auto, (max-width: 600px) 100vw, 600px\" \/><\/figure><div class=\"wp-block-media-text__content\">\n<h2 class=\"wp-block-heading\">Claire Wang, entra\u00eeneuse<\/h2>\n\n\n\n<h2 class=\"wp-block-heading\">Trap\u00e8ze, tissu a\u00e9rien, lyra, gymnastique au sol, diabolo<\/h2>\n\n\n\n<p>Claire a commenc\u00e9 le cirque \u00e0 13 ans et poss\u00e8de un large \u00e9ventail d\u2019exp\u00e9riences en gymnastique artistique, danse et contorsion. En grandissant, elle s\u2019est \u00e9galement form\u00e9e en gymnastique rythmique, cheerleading et patinage artistique. Elle a suivi le programme intensif d\u2019\u00e9t\u00e9 de l\u2019\u00c9cole Nationale de Cirque en 2023, et elle s\u2019entra\u00eene dans plusieurs disciplines, notamment le trap\u00e8ze, les tissus a\u00e9riens, le hamac, la lyre, la corde lisse, les straps, le monocycle, le diabolo et les acrobaties. Elle a commenc\u00e9 \u00e0 se produire professionnellement en 2022 et \u00e0 enseigner en 2023. En tant que coach, Claire apporte un enseignement de haute qualit\u00e9 accompagn\u00e9 d\u2019un vocabulaire riche en comp\u00e9tences de niveau avanc\u00e9, et elle \u00e9tablit des connexions solides avec ses \u00e9l\u00e8ves pour cr\u00e9er un environnement d\u2019apprentissage s\u00e9curis\u00e9 et motivant. En dehors du cirque, elle poursuit des \u00e9tudes en kin\u00e9siologie \u00e0 l\u2019Universit\u00e9 McGill.&nbsp;<\/p>\n<\/div><\/div>\n\n\n\n<div class=\"wp-block-media-text is-stacked-on-mobile\"><figure class=\"wp-block-media-text__media\"><img loading=\"lazy\" decoding=\"async\" width=\"753\" height=\"1024\" src=\"https:\/\/ottawacircusschool.com\/wp-content\/uploads\/2024-showcase-Abi-silks-mr-753x1024.jpg\" alt=\"\" class=\"wp-image-8017 size-full\" srcset=\"https:\/\/ottawacircusschool.com\/wp-content\/uploads\/2024-showcase-Abi-silks-mr-753x1024.jpg 753w, https:\/\/ottawacircusschool.com\/wp-content\/uploads\/2024-showcase-Abi-silks-mr-221x300.jpg 221w, https:\/\/ottawacircusschool.com\/wp-content\/uploads\/2024-showcase-Abi-silks-mr-768x1044.jpg 768w, https:\/\/ottawacircusschool.com\/wp-content\/uploads\/2024-showcase-Abi-silks-mr-624x849.jpg 624w, https:\/\/ottawacircusschool.com\/wp-content\/uploads\/2024-showcase-Abi-silks-mr.jpg 800w\" sizes=\"auto, (max-width: 753px) 100vw, 753px\" \/><\/figure><div class=\"wp-block-media-text__content\">\n<h2 class=\"wp-block-heading\">Abigail Callanan, entra\u00eeneuse<\/h2>\n\n\n\n<h2 class=\"wp-block-heading\">Tissu, trap\u00e8ze, lyra, manipulation<\/h2>\n\n\n\n<p>Abi est d\u00e9di\u00e9e \u00e0 sa pratique \u00e0 l\u2019\u00c9cole de Cirque depuis 2009 et a toujours aim\u00e9 aider les entra\u00eeneurs \u00e0 enseigner aux \u00e9l\u00e8ves d\u00e9butants. S\u2019entra\u00eenant \u00e0 un niveau avanc\u00e9 en tissus a\u00e9riens, trap\u00e8ze et lyre, elle a \u00e9t\u00e9 encadr\u00e9e par nos entra\u00eeneurs seniors tout au long de son parcours d\u2019enseignante et a commenc\u00e9 \u00e0 enseigner en 2023. L\u2019objectif d\u2019Abi lorsqu\u2019elle enseigne est de cr\u00e9er un espace de soutien et ax\u00e9 sur les objectifs pour chacun. Son calme, sa concentration et son attention port\u00e9e \u00e0 chaque \u00e9l\u00e8ve font d\u2019elle une coach appr\u00e9ci\u00e9e tant des enfants que des adultes. <\/p>\n<\/div><\/div>\n\n\n\n<p>&nbsp;<\/p>\n\n\n\n<div class=\"wp-block-media-text is-stacked-on-mobile is-vertically-aligned-top\"><figure class=\"wp-block-media-text__media\"><img loading=\"lazy\" decoding=\"async\" width=\"683\" height=\"1024\" src=\"https:\/\/ottawacircusschool.com\/wp-content\/uploads\/Ottawa-Circus-School-Mahika-Silks-mr-683x1024.jpg\" alt=\"\" class=\"wp-image-8084 size-full\" srcset=\"https:\/\/ottawacircusschool.com\/wp-content\/uploads\/Ottawa-Circus-School-Mahika-Silks-mr-683x1024.jpg 683w, https:\/\/ottawacircusschool.com\/wp-content\/uploads\/Ottawa-Circus-School-Mahika-Silks-mr-200x300.jpg 200w, https:\/\/ottawacircusschool.com\/wp-content\/uploads\/Ottawa-Circus-School-Mahika-Silks-mr-768x1152.jpg 768w, https:\/\/ottawacircusschool.com\/wp-content\/uploads\/Ottawa-Circus-School-Mahika-Silks-mr-624x936.jpg 624w, https:\/\/ottawacircusschool.com\/wp-content\/uploads\/Ottawa-Circus-School-Mahika-Silks-mr.jpg 800w\" sizes=\"auto, (max-width: 683px) 100vw, 683px\" \/><\/figure><div class=\"wp-block-media-text__content\">\n<h2 class=\"wp-block-heading\">Mahika De L\u00e9an, entra\u00eeneuse<\/h2>\n\n\n\n<h2 class=\"wp-block-heading\">Tissu, manipulation<\/h2>\n\n\n\n<p>Mahika De L\u00e9an est n\u00e9e et a grandi \u00e0 Ottawa, et est une fi\u00e8re franco-ontarienne bilingue. Elle fr\u00e9quente actuellement l\u2019\u00e9cole secondaire De La Salle, o\u00f9 elle participe au programme de th\u00e9\u00e2tre. Elle a commenc\u00e9 \u00e0 pratiquer les arts du cirque \u00e0 l\u2019\u00e2ge de neuf ans \u00e0 l\u2019\u00c9cole de cirque d\u2019Ottawa et travaille maintenant comme entra\u00eeneuse en tissus a\u00e9riens et en manipulation d\u2019accessoires. Mahika se produit \u00e9galement \u00e0 diverses occasions, et se sp\u00e9cialise dans les arts a\u00e9riens et le hula hoop. Son objectif principal en tant qu\u2019entra\u00eeneur de cirque est de s\u2019assurer que ses \u00e9l\u00e8ves se sentent \u00e0 l\u2019aise et en s\u00e9curit\u00e9, afin qu\u2019ils puissent trouver la m\u00eame joie et le m\u00eame sentiment d\u2019appartenance qu\u2019elle trouve dans le cirque.<\/p>\n<\/div><\/div>\n\n\n\n<div class=\"wp-block-media-text is-stacked-on-mobile is-vertically-aligned-top\"><figure class=\"wp-block-media-text__media\"><img loading=\"lazy\" decoding=\"async\" width=\"620\" height=\"1024\" src=\"https:\/\/ottawacircusschool.com\/wp-content\/uploads\/Astyn-photo-Action-Shot-mr-620x1024.jpg\" alt=\"\" class=\"wp-image-8024 size-full\" srcset=\"https:\/\/ottawacircusschool.com\/wp-content\/uploads\/Astyn-photo-Action-Shot-mr-620x1024.jpg 620w, https:\/\/ottawacircusschool.com\/wp-content\/uploads\/Astyn-photo-Action-Shot-mr-182x300.jpg 182w, https:\/\/ottawacircusschool.com\/wp-content\/uploads\/Astyn-photo-Action-Shot-mr-768x1268.jpg 768w, https:\/\/ottawacircusschool.com\/wp-content\/uploads\/Astyn-photo-Action-Shot-mr-624x1030.jpg 624w, https:\/\/ottawacircusschool.com\/wp-content\/uploads\/Astyn-photo-Action-Shot-mr.jpg 800w\" sizes=\"auto, (max-width: 620px) 100vw, 620px\" \/><\/figure><div class=\"wp-block-media-text__content\">\n<h2 class=\"wp-block-heading\">Astyn Farell, entra\u00eeneuse<\/h2>\n\n\n\n<h2 class=\"wp-block-heading\">Lyra<\/h2>\n\n\n\n<p>Astyn s\u2019entra\u00eene aux arts du cirque \u00e0 l\u2019\u00c9cole de Cirque d\u2019Ottawa depuis 2020 et enseigne le cerceau a\u00e9rien, du niveau d\u00e9butant au niveau avanc\u00e9, \u00e0 des \u00e9l\u00e8ves de tous \u00e2ges. Elle s\u2019entra\u00eene dans une vari\u00e9t\u00e9 de disciplines, notamment la contorsion, le tumbling et les tissus a\u00e9riens, et se sp\u00e9cialise dans le cerceau a\u00e9rien et la suspension par les cheveux. En tant que coach, elle aime partager sa passion pour les arts du cirque afin que chaque \u00e9l\u00e8ve prenne du plaisir et profite de chaque cours, en mettant l\u2019accent sur le travail en \u00e9quipe pour atteindre les objectifs des \u00e9l\u00e8ves tout en veillant \u00e0 ce que l\u2019entra\u00eenement se fasse de mani\u00e8re durable.<\/p>\n<\/div><\/div>\n\n\n\n<div class=\"wp-block-media-text is-stacked-on-mobile\"><figure class=\"wp-block-media-text__media\"><img loading=\"lazy\" decoding=\"async\" width=\"497\" height=\"727\" src=\"https:\/\/ottawacircusschool.com\/wp-content\/uploads\/Genevieve-hulahoop.jpg\" alt=\"\" class=\"wp-image-8223 size-full\" srcset=\"https:\/\/ottawacircusschool.com\/wp-content\/uploads\/Genevieve-hulahoop.jpg 497w, https:\/\/ottawacircusschool.com\/wp-content\/uploads\/Genevieve-hulahoop-205x300.jpg 205w\" sizes=\"auto, (max-width: 497px) 100vw, 497px\" \/><\/figure><div class=\"wp-block-media-text__content\">\n<p><\/p>\n\n\n\n<p><\/p>\n\n\n\n<p><\/p>\n\n\n\n<p><\/p>\n\n\n\n<p><\/p>\n\n\n\n<h2 class=\"wp-block-heading has-text-align-left\">Genevi\u00e8ve Hudon, entra\u00eeneuse<strong> <\/strong><\/h2>\n\n\n\n<div class=\"wp-block-group\"><div class=\"wp-block-group__inner-container is-layout-constrained wp-block-group-is-layout-constrained\">\n<h2 class=\"wp-block-heading\">Cerceau<\/h2>\n\n\n\n<p>Genevi\u00e8ve a d\u00e9couvert le cerceau en 2010 et continue de suivre son \u00ab flow \u00bb depuis. Elle est fascin\u00e9e par cette discipline artistique \u00e0 la fois ludique et technique qui est aussi, en prime, un excellent exercice! Apr\u00e8s avoir suivi des cours avec Sophie Latreille \u00e0 Ottawa, elle poursuit sa formation au sein de la communaut\u00e9 de cerceau de Montr\u00e9al, o\u00f9 elle participe \u00e0 de multiples ateliers et retraites et suit la formation d\u2019instructrice de Hoop Montr\u00e9al. Elle donne ses premiers cours en 2018 \u00e0 Montr\u00e9al, puis se joint \u00e0 l\u2019\u00e9quipe de l\u2019\u00c9cole de cirque d\u2019Ottawa en juin 2023. Elle adore aider ses \u00e9l\u00e8ves adultes \u00e0 renouer avec leur enfant int\u00e9rieur et \u00e0 apprivoiser de nouvelles fa\u00e7ons de bouger. Bilingue, enthousiaste et toujours \u00e0 l\u2019aff\u00fbt de nouvelles id\u00e9es, Genevi\u00e8ve a plus d\u2019un tour dans son cerceau pour rendre ses cours amusants!<\/p>\n<\/div><\/div>\n<\/div><\/div>\n\n\n\n<p><span style=\"color: #000000; font-family: arial; font-size: 14.6667px;\">&nbsp;<\/span><\/p>\n\n\n\n<div class=\"wp-block-media-text is-stacked-on-mobile\"><figure class=\"wp-block-media-text__media\"><img loading=\"lazy\" decoding=\"async\" width=\"768\" height=\"1024\" src=\"https:\/\/ottawacircusschool.com\/wp-content\/uploads\/Joy_2-768x1024.jpg\" alt=\"\" class=\"wp-image-8531 size-full\" srcset=\"https:\/\/ottawacircusschool.com\/wp-content\/uploads\/Joy_2-768x1024.jpg 768w, https:\/\/ottawacircusschool.com\/wp-content\/uploads\/Joy_2-225x300.jpg 225w, https:\/\/ottawacircusschool.com\/wp-content\/uploads\/Joy_2-1152x1536.jpg 1152w, https:\/\/ottawacircusschool.com\/wp-content\/uploads\/Joy_2-9x12.jpg 9w, https:\/\/ottawacircusschool.com\/wp-content\/uploads\/Joy_2-624x832.jpg 624w, https:\/\/ottawacircusschool.com\/wp-content\/uploads\/Joy_2.jpg 1440w\" sizes=\"auto, (max-width: 768px) 100vw, 768px\" \/><\/figure><div class=\"wp-block-media-text__content\">\n<h2 class=\"wp-block-heading\">Joy Knowles, entra\u00eeneuse<\/h2>\n\n\n\n<h2 class=\"wp-block-heading\">Lyra<\/h2>\n\n\n\n<p>Joy est tomb\u00e9e amoureuse du cerceau a\u00e9rien (lyra) d\u00e8s la toute premi\u00e8re fois qu\u2019elle l\u2019a essay\u00e9 en 2023. Plus tard cette m\u00eame ann\u00e9e, r\u00e9alisant qu\u2019elle en voulait davantage dans sa vie, elle a rejoint l\u2019\u00c9cole de cirque d\u2019Ottawa et s\u2019est lanc\u00e9e dans un entra\u00eenement r\u00e9gulier, o\u00f9 elle a rapidement progress\u00e9. Gr\u00e2ce aux conseils et au mentorat de l\u2019\u00e9quipe d\u2019entra\u00eeneurs de l\u2019\u00e9cole, elle a d\u00e9velopp\u00e9 ses comp\u00e9tences en enseignement et a commenc\u00e9 \u00e0 diriger un cours de lyra niveau 1 \u00e0 l\u2019automne 2024. Elle partage aussi son enthousiasme avec les nouveaux \u00e9l\u00e8ves en enseignant r\u00e9guli\u00e8rement la partie lyra du programme r\u00e9current d\u2019introduction aux a\u00e9riens de quatre semaines de l\u2019\u00e9cole.<\/p>\n\n\n\n<p>Joy continue d\u2019\u00e9largir son r\u00e9pertoire de comp\u00e9tences, en travaillant \u00e0 affiner sa technique et \u00e0 progresser dans sa propre pratique. Au-del\u00e0 du lyra, elle s\u2019entra\u00eene aux sangles a\u00e9riennes et pratique le pilates ainsi que le yoga. Elle croit que le fitness ne devrait jamais \u00eatre une corv\u00e9e et que la meilleure fa\u00e7on de rester motiv\u00e9 est de trouver une activit\u00e9 que l\u2019on aime. Apr\u00e8s tout, les tractions sont beaucoup plus amusantes lorsqu\u2019elles se font dans un cerceau suspendu au plafond !<\/p>\n<\/div><\/div>\n\n\n\n<div class=\"wp-block-media-text is-stacked-on-mobile\" style=\"grid-template-columns:48% auto\"><figure class=\"wp-block-media-text__media\"><img loading=\"lazy\" decoding=\"async\" width=\"700\" height=\"886\" src=\"https:\/\/ottawacircusschool.com\/wp-content\/uploads\/Ottawa-Circus-School-Lore-silks-mr.jpg\" alt=\"\" class=\"wp-image-8794 size-full\" srcset=\"https:\/\/ottawacircusschool.com\/wp-content\/uploads\/Ottawa-Circus-School-Lore-silks-mr.jpg 700w, https:\/\/ottawacircusschool.com\/wp-content\/uploads\/Ottawa-Circus-School-Lore-silks-mr-237x300.jpg 237w, https:\/\/ottawacircusschool.com\/wp-content\/uploads\/Ottawa-Circus-School-Lore-silks-mr-9x12.jpg 9w, https:\/\/ottawacircusschool.com\/wp-content\/uploads\/Ottawa-Circus-School-Lore-silks-mr-624x790.jpg 624w\" sizes=\"auto, (max-width: 700px) 100vw, 700px\" \/><\/figure><div class=\"wp-block-media-text__content\">\n<h2 class=\"wp-block-heading\">Lore Mathurin, entra\u00eeneuse et admin<\/h2>\n\n\n\n<h2 class=\"wp-block-heading\">Tissu, Corde Lisse, Trapeze<\/h2>\n\n\n\n<p>Lore est une artiste et entra\u00eeneuse de cirque a\u00e9rien professionnelle, sp\u00e9cialis\u00e9e en tissu, corde lisse et trap\u00e8ze, avec \u00e9galement une exp\u00e9rience de sc\u00e8ne sur le cube a\u00e9rien. Avant de se joindre \u00e0 l\u2019\u00c9cole de cirque d\u2019Ottawa, elle a occup\u00e9 plusieurs postes d\u2019enseignement en arts a\u00e9riens, d\u00e9veloppant une solide expertise autant comme p\u00e9dagogue que comme artiste a\u00e9rienne.<\/p>\n\n\n\n<p>Depuis son arriv\u00e9e \u00e0 l\u2019\u00c9cole de cirque d'Ottawa en 2025, Lore continue de perfectionner sa pratique gr\u00e2ce \u00e0 notre programme interne de formation des entra\u00eeneurs, approfondissant constamment ses comp\u00e9tences techniques sur les appareils a\u00e9riens ainsi que ses m\u00e9thodes d\u2019enseignement. Issue d\u2019une formation en danse contemporaine, son approche est marqu\u00e9e par la fluidit\u00e9, la pr\u00e9cision et un travail dynamique, tant dans sa pratique artistique que dans son encadrement.<\/p>\n\n\n\n<p>Comme entra\u00eeneuse, Lore est attentive, encourageante et engag\u00e9e dans le d\u00e9veloppement \u00e0 long terme de ses \u00e9l\u00e8ves. Elle les accompagne dans le renforcement de leur force, de leur confiance et de leur expression artistique, en les guidant \u00e0 leur rythme vers des objectifs qui semblaient autrefois hors de port\u00e9e \u2014 avec rigueur, bienveillance et \u00e9lan.<\/p>\n\n\n\n<p>Lore fait \u00e9galement partie de l\u2019\u00e9quipe administrative et aide \u00e0 g\u00e9rer les op\u00e9rations quotidiennes.<\/p>\n<\/div><\/div>","protected":false},"excerpt":{"rendered":"<p>Meet the team Sophie Latreille, founder, director and coach. Hula hoops and other flow props, partner acrobatics\/acroyoga, silks Sophie has been a professional performing artist for over 20 years. She is also the co-founder and director of Mini Cirque and Fire Weavers. She has been teaching as well for over 20 years, first dance then [&hellip;]<\/p>\n","protected":false},"author":4,"featured_media":0,"parent":0,"menu_order":0,"comment_status":"closed","ping_status":"closed","template":"","meta":{"footnotes":""},"class_list":["post-54","page","type-page","status-publish","hentry"],"_links":{"self":[{"href":"http:\/\/ottawacircusschool.com\/fr\/wp-json\/wp\/v2\/pages\/54","targetHints":{"allow":["GET"]}}],"collection":[{"href":"http:\/\/ottawacircusschool.com\/fr\/wp-json\/wp\/v2\/pages"}],"about":[{"href":"http:\/\/ottawacircusschool.com\/fr\/wp-json\/wp\/v2\/types\/page"}],"author":[{"embeddable":true,"href":"http:\/\/ottawacircusschool.com\/fr\/wp-json\/wp\/v2\/users\/4"}],"replies":[{"embeddable":true,"href":"http:\/\/ottawacircusschool.com\/fr\/wp-json\/wp\/v2\/comments?post=54"}],"version-history":[{"count":54,"href":"http:\/\/ottawacircusschool.com\/fr\/wp-json\/wp\/v2\/pages\/54\/revisions"}],"predecessor-version":[{"id":8795,"href":"http:\/\/ottawacircusschool.com\/fr\/wp-json\/wp\/v2\/pages\/54\/revisions\/8795"}],"wp:attachment":[{"href":"http:\/\/ottawacircusschool.com\/fr\/wp-json\/wp\/v2\/media?parent=54"}],"curies":[{"name":"wp","href":"https:\/\/api.w.org\/{rel}","templated":true}]}}