{"id":52,"date":"2013-04-09T20:06:04","date_gmt":"2013-04-09T20:06:04","guid":{"rendered":"http:\/\/minicirque.darkscot.com\/?page_id=52"},"modified":"2025-08-08T14:28:37","modified_gmt":"2025-08-08T19:28:37","slug":"what-are-contemporary-circus-arts","status":"publish","type":"page","link":"http:\/\/ottawacircusschool.com\/fr\/what-are-contemporary-circus-arts\/","title":{"rendered":"Que sont les arts du cirque?"},"content":{"rendered":"<p><img loading=\"lazy\" decoding=\"async\" class=\"wp-image-347 alignleft\" src=\"http:\/\/ottawacircusschool.com\/wp-content\/uploads\/2013\/07\/BrigitteEthier_hoopdance.jpg\" alt=\"BrigitteEthier_hoopdance\" width=\"300\" height=\"448\" srcset=\"https:\/\/ottawacircusschool.com\/wp-content\/uploads\/2013\/07\/BrigitteEthier_hoopdance.jpg 428w, https:\/\/ottawacircusschool.com\/wp-content\/uploads\/2013\/07\/BrigitteEthier_hoopdance-200x300.jpg 200w\" sizes=\"auto, (max-width: 300px) 100vw, 300px\" \/>Les arts du cirque contemporains ont beaucoup \u00e9volu\u00e9. Ils repr\u00e9sentent l\u2019art du movement dans des prestations cr\u00e9atives de haut calibre. Fusionnent de fa\u00e7on originale diff\u00e9rentes formes d\u2019arts et de technologies, ils ont atteint une reconnaissance internationale en mati\u00e8re d\u2019excellence artistique. Ils sont \u00e9galement devenus accessibles \u00e0 tous en tant que conditionnement physique agr\u00e9able et gr\u00e2ce \u00e0 leur capacit\u00e9 \u00e0 d\u00e9velopper l\u2019esprit communautaire.<\/p>\n<p>L\u2019\u00e9volution des spectacles du cirque au cours des 30 derni\u00e8res ann\u00e9es a \u00e9t\u00e9 influenc\u00e9e en grande partie par la cr\u00e9ativit\u00e9 et l\u2019entrepreneuriat du Cirque du Soleil, du Cirque Eloize, des 7 Doigts de la main et de nombreux autres artistes, \u00e9coles et compagnies de th\u00e9\u00e2tre canadiennes et internationales ainsi que par l\u2019acc\u00e8s international \u00e0 l\u2019information et le partage de vid\u00e9os. Les arts du cirque sont devenus une partie int\u00e9grante de la culture canadienne et les artistes canadiens ont influenc\u00e9 le milieu du cirque dans le monde entier. Nous sommes loin des spectacles de cirque qui \u00e9taient tenus en marge et \u00e9taient ax\u00e9s sur les curiosit\u00e9s de la nature, les clowns et les parias. M\u00eame si le cirque traditionnel est encore bien vivant, le cirque contemporain se distingue par un haut niveau d\u2019excellence dans les arts multidisciplinaires. Loin de se limiter \u00e0 une seule forme d\u2019art, ou \u00e0 un ensemble de comp\u00e9tences, il les combine tous, faisant du cirque contemporain le plus cr\u00e9atif des arts de la sc\u00e8ne. Un heureux mariage entre les \u00e9l\u00e9ments du th\u00e9\u00e2tre, de la danse, de la musique et des arts visuels ainsi que des nouvelles formes d\u2019arts reposant sur la technologie. <img loading=\"lazy\" decoding=\"async\" class=\"alignright\" src=\"http:\/\/ottawacircusschool.com\/wp-content\/uploads\/2013\/07\/AcroYoga_Sophie_Elliot_cutout_small.jpg\" alt=\"AcroYoga_Sophie_Elliot_cutout_small\" width=\"346\" height=\"401\" \/> Les principales cat\u00e9gories sont la manipulation d\u2019accessoires (dont la jonglerie, le hula-hoop, les poi, le diabolo et bien d\u2019autres), l\u2019acrobatie (gymnastique au sol, port\u00e9es avec partenaire et pyramides), le th\u00e9\u00e2tre physique et les arts a\u00e9riens (trap\u00e8ze, corde raide, les soies et bien plus).<\/p>\n<p>La magie du cirque et la formation circassienne apportent de la joie et de l\u2019inspiration \u00e0 des gens de tout \u00e2ge depuis des milliers d\u2019ann\u00e9es. Et nous avons bien l\u2019intention de r\u00e9pandre cette magie \u00e0 Ottawa.<\/p>","protected":false},"excerpt":{"rendered":"<p>Circus arts have come a long way. They represent high calibre movement art performances. They blend different art forms and technologies together and have attained international recognition for artistic excellence. They have also become accessible to all as great enjoyable fitness and an opportunity to build community. The evolution of circus shows over the last [&hellip;]<\/p>\n","protected":false},"author":4,"featured_media":0,"parent":0,"menu_order":0,"comment_status":"closed","ping_status":"open","template":"","meta":{"footnotes":""},"class_list":["post-52","page","type-page","status-publish","hentry"],"_links":{"self":[{"href":"http:\/\/ottawacircusschool.com\/fr\/wp-json\/wp\/v2\/pages\/52","targetHints":{"allow":["GET"]}}],"collection":[{"href":"http:\/\/ottawacircusschool.com\/fr\/wp-json\/wp\/v2\/pages"}],"about":[{"href":"http:\/\/ottawacircusschool.com\/fr\/wp-json\/wp\/v2\/types\/page"}],"author":[{"embeddable":true,"href":"http:\/\/ottawacircusschool.com\/fr\/wp-json\/wp\/v2\/users\/4"}],"replies":[{"embeddable":true,"href":"http:\/\/ottawacircusschool.com\/fr\/wp-json\/wp\/v2\/comments?post=52"}],"version-history":[{"count":12,"href":"http:\/\/ottawacircusschool.com\/fr\/wp-json\/wp\/v2\/pages\/52\/revisions"}],"predecessor-version":[{"id":8513,"href":"http:\/\/ottawacircusschool.com\/fr\/wp-json\/wp\/v2\/pages\/52\/revisions\/8513"}],"wp:attachment":[{"href":"http:\/\/ottawacircusschool.com\/fr\/wp-json\/wp\/v2\/media?parent=52"}],"curies":[{"name":"wp","href":"https:\/\/api.w.org\/{rel}","templated":true}]}}