{"id":3525,"date":"2018-02-12T16:41:04","date_gmt":"2018-02-12T16:41:04","guid":{"rendered":"http:\/\/ottawacircusschool.com\/?page_id=3525"},"modified":"2025-08-08T14:49:25","modified_gmt":"2025-08-08T19:49:25","slug":"waivers","status":"publish","type":"page","link":"http:\/\/ottawacircusschool.com\/fr\/waivers\/","title":{"rendered":"Politiques"},"content":{"rendered":"<p><br \/>\n<\/p>\n<p>Notre \u00e9quipe fera de son mieux pour fournir des instructions, du mat\u00e9riel et des suggestions qui maintiennent les risques de blessures faibles et fera de son mieux pour fournir des suggestions qui se traduiront par une pratique aussi s\u00fbre que possible.<\/p>\n<p><strong>Modalit\u00e9s et conditions de participation (renonciation) mises \u00e0 jour le 21 juin 2020:<\/strong><\/p>\n<p>Lorsque vous vous inscrivez \u00e0 nos programmes (cours de zoom en ligne ou cours en personne) ou venez pour une pratique autonome, vous avez cliqu\u00e9 queue vous acceptez les termes et conditions suivants:<\/p>\n<p>Le participant de 18 et plus accepte les termes ci-dessous.<\/p>\n<p>Si le participant \u00e0 moins de 18ans, le parent ou adultes avec la garde l\u00e9gale de l\u2019enfant accepte les termes ci-dessous pour la participation de leurs enfants.<\/p>\n<p>Ce formulaire s\u2019applique \u00e0 toutes les activit\u00e9s, actuelles et futures, incluant les classes, les sessions de gym libre, les performances, les \u00e9v\u00e9nements sp\u00e9ciaux, les f\u00eates, les ateliers et\/ou toute autre activit\u00e9 offerte par Ottawa Circus School Inc.<\/p>\n<p>Je d\u00e9sir participer (ou je d\u00e9sir que mon enfants participe) aux activit\u00e9s offertes par le L\u2019\u00c9cole de cirque d\u2019Ottawa inc et je suis en accord avec les termes ici-bas\u00a0:<\/p>\n<p>Politique d\u2019annulation.\u00a0Toutes les ventes sont finales. Il n&#8217;y a aucun remboursement pour quelque raison que ce soit. L&#8217;inscription est transf\u00e9rable \u00e0 une autre personne.<\/p>\n<p>Pendant les activit\u00e9s \u00e0 l&#8217;\u00c9cole de cirque d&#8217;Ottawa, les participants feront un ou plusieurs des activit\u00e9s suivantes: arts de la jonglerie et de la manipulation d&#8217;accessoires, corde raide, trap\u00e8ze, tissus a\u00e9rien, gymnastique au sol, pyramides humaines et autres activit\u00e9s similaires.<\/p>\n<p>Comme toute activit\u00e9 physique, il y a toujours des risques, nous faisons de notre mieux pour minimiser les risques mais des blessures m\u00eame graves peuvent survenir. En participant ou en faisant participer votre enfant, vous acceptez tous les risques de blessures et d\u00e9gagez de toute responsabilit\u00e9 l&#8217;\u00c9cole de cirque d&#8217;Ottawa, les entra\u00eeneurs, les entra\u00eeneurs b\u00e9n\u00e9voles et le personnel administratif. J&#8217;accepte d&#8217;assumer l&#8217;enti\u00e8re responsabilit\u00e9 des risques.<\/p>\n<p>Je comprends qu&#8217;il est de ma responsabilit\u00e9 de consulter un m\u00e9decin avant et concernant la participation \u00e0 ces activit\u00e9s si les probl\u00e8mes de sant\u00e9 sont pr\u00e9occupants. J&#8217;atteste que je suis (ou que mon enfant est) en bonne forme physique et que je n&#8217;ai aucun probl\u00e8me m\u00e9dical qui l&#8217;emp\u00eacherait de participer \u00e0 ces activit\u00e9s. J&#8217;accepte d&#8217;informer le (s) instructeur (s) ou le personnel de l&#8217;\u00c9cole de cirque d&#8217;Ottawa de toute limitation physique, malaise physique et \/ ou blessure, et j&#8217;assume l&#8217;enti\u00e8re responsabilit\u00e9 de la non-divulgation. \u00c0 moins que je ne demande sp\u00e9cifiquement pas de photos, je permets au personnel et aux photographes de prendre des photos de moi-m\u00eame et de mes enfants, en notant que seul le pr\u00e9nom est utilis\u00e9 pour les photos adultes et aucun nom pour les photos d&#8217;enfants dans les publications.<\/p>\n<p>Nous n&#8217;avons aucune tol\u00e9rance \u00e0 l&#8217;intimidation et \u00e0 la violence physique. Nous voulons que tous les participants se sentent en s\u00e9curit\u00e9. En cas d&#8217;incident, le participant recevra un avertissement ainsi que le parent que si son comportement continue, il ne pourrait \u00eatre retir\u00e9 du programme. Un participant qui continue d&#8217;\u00eatre violent physiquement et qui a re\u00e7u au moins 1 avertissement pourrait \u00eatre retir\u00e9 du programme sans remboursement.<\/p>\n<p>En consid\u00e9ration suppl\u00e9mentaire de participer \u00e0 ces activit\u00e9s, je renonce sciemment, volontairement et express\u00e9ment \u00e0 toute r\u00e9clamation que je pourrais avoir contre l&#8217;\u00c9cole de cirque d&#8217;Ottawa, les entra\u00eeneurs, les administrateurs, les b\u00e9n\u00e9voles et les actionnaires, pour des blessures ou des dommages que mon enfant pourrait subir \u00e0 la suite de sa participation dans ces activit\u00e9s et j&#8217;en accepte les risques.<\/p>\n<p>J&#8217;ai lu l\u2019entente de d\u00e9charge de responsabilit\u00e9 et renonciation de responsabilit\u00e9 ci-dessus. Je comprends son contenu et j\u2019accepte les conditions.<\/p>\n<p><a href=\"https:\/\/ottawacircusschool.com\/wp-content\/uploads\/2023-OCS-Waiver_fre.pdf\">PDF_download_2023 OCS Waiver_francais<\/a><\/p>\n<p><span style=\"text-decoration: underline;\"><strong>Toutes les ventes sont finales<\/strong><\/span><\/p>\n<p>Votre place est r\u00e9serv\u00e9e et il n&#8217;y a aucun remboursement pour quelque raison que ce soit.<\/p>\n<p>Si vous \u00eates malade, veuillez rester \u00e0 la maison.<\/p>\n<p>Si nous sommes oblig\u00e9s d&#8217;annuler des cours en raison d&#8217;obligations gouvernementales telles qu&#8217;un lock down ou en raison d&#8217;avertissements m\u00e9t\u00e9orologiques d&#8217;Environnement Canada pour \u00e9viter les voyages non essentiels, il n&#8217;y aura aucun remboursement ou cr\u00e9dit, merci de comprendre que nous avons encore toutes les d\u00e9penses \u00e0 payer sur l&#8217;espace ainsi que nos incroyables entra\u00eeneurs qui gagnent leur vie. Les payments mensuel ne peuvent pas \u00eatre annul\u00e9es en raison des mesures de confinement impos\u00e9es par le gouvernement \u00e0 l&#8217;\u00e9chelle de la ville (ou province etc).<\/p>\n<p>Nous suivrons toutes les directives sanitaires provinciales s&#8217;il y en a en place, nous vous informerons s&#8217;il y a quelque chose que nous sommes oblig\u00e9s de mettre en \u0153uvre.<br \/>\n<\/p>","protected":false},"excerpt":{"rendered":"","protected":false},"author":4,"featured_media":0,"parent":0,"menu_order":0,"comment_status":"closed","ping_status":"closed","template":"","meta":{"footnotes":""},"class_list":["post-3525","page","type-page","status-publish","hentry"],"_links":{"self":[{"href":"http:\/\/ottawacircusschool.com\/fr\/wp-json\/wp\/v2\/pages\/3525","targetHints":{"allow":["GET"]}}],"collection":[{"href":"http:\/\/ottawacircusschool.com\/fr\/wp-json\/wp\/v2\/pages"}],"about":[{"href":"http:\/\/ottawacircusschool.com\/fr\/wp-json\/wp\/v2\/types\/page"}],"author":[{"embeddable":true,"href":"http:\/\/ottawacircusschool.com\/fr\/wp-json\/wp\/v2\/users\/4"}],"replies":[{"embeddable":true,"href":"http:\/\/ottawacircusschool.com\/fr\/wp-json\/wp\/v2\/comments?post=3525"}],"version-history":[{"count":62,"href":"http:\/\/ottawacircusschool.com\/fr\/wp-json\/wp\/v2\/pages\/3525\/revisions"}],"predecessor-version":[{"id":8519,"href":"http:\/\/ottawacircusschool.com\/fr\/wp-json\/wp\/v2\/pages\/3525\/revisions\/8519"}],"wp:attachment":[{"href":"http:\/\/ottawacircusschool.com\/fr\/wp-json\/wp\/v2\/media?parent=3525"}],"curies":[{"name":"wp","href":"https:\/\/api.w.org\/{rel}","templated":true}]}}