{"id":1500,"date":"2017-05-26T17:44:08","date_gmt":"2017-05-26T17:44:08","guid":{"rendered":"http:\/\/ottawacircusschool.com\/?page_id=1500"},"modified":"2025-08-08T14:31:43","modified_gmt":"2025-08-08T19:31:43","slug":"jamsopen-practice-sessisons","status":"publish","type":"page","link":"http:\/\/ottawacircusschool.com\/fr\/jamsopen-practice-sessisons\/","title":{"rendered":"Jams\/pratiques libres"},"content":{"rendered":"<h3 class=\"wp-block-heading\"><span style=\"color: #008000;\">Qu\u2019est ce qu\u2019un \u00ab jam \u00bb ou une pratique libre?<\/span><\/h3>\n\n\n\n<p>Les jams sont des pratiques libres ouvertes \u00e0 tous et \u00e0 toutes. Ce sont des occasions de se r\u00e9unir pour se pratiquer et s\u2019entra\u00eener. Il n\u2019y a pas d\u2019enseignement aux jams. Les gens ont la change de partager leurs habilet\u00e9s et de s\u2019entraider en pratiquant ensemble. C\u2019est aussi une occasion de pratiquer ce qui a \u00e9t\u00e9 appris dans les cours. Enfin, c\u2019est une excellente fa\u00e7on de rencontrer des gens qui partagent les m\u00eames int\u00e9r\u00eats et de faire cro\u00eetre la communaut\u00e9 circassienne.<\/p>\n\n\n\n<p>Actuellement, \u00e0 l\u2019hivers-printemps 2025, les pratiques libres sont offerte gratuitement si vous \u00eates inscrit \u00e0 au moins 1 cours hebdomadaire. Pour les \u00e9tudiants actuels pour le moment, vous n\u2019avez pas besoin de r\u00e9server \u00e0 l\u2019avance, cela pourrait changer si nous commen\u00e7ons \u00e0 \u00eatre tr\u00e8s occup\u00e9s pendant les cours ouverts.<\/p>\n\n\n\n<p class=\"translation-block\">Si vous n\u2019\u00eates pas actuellement inscrit \u00e0 un cours hebdomadaire, vous devez <a href=\"https:\/\/app.amilia.com\/store\/en\/ottawa-circus-school\/shop\/activities\/4658647\" data-type=\"link\" data-id=\"https:\/\/app.amilia.com\/store\/en\/ottawa-circus-school\/shop\/activities\/4658647\" target=\"_blank\" rel=\"noreferrer noopener\">r\u00e9server<\/a> votre place en ligne \u00e0 l\u2019avance pour la pratique libre.<\/p>\n\n\n\n<p>Cout pour l\u2019hivers-printemps 2025: $15 \u00e0 la carte our $40\/mois pour 2 fois semaine. Le syteme vous inscrira jusqu\u2019en juin mais vous pouvez annuler des payments mensuel en tout temps (avec 5 jour d\u2019avis).<\/p>\n\n\n\n<p>Vous pouvez arriver ou quitter n\u2019importe quand durant le bloc de 1.5 heures.<\/p>\n\n\n<div class=\"wp-block-image\">\n<figure class=\"aligncenter\"><img loading=\"lazy\" decoding=\"async\" width=\"403\" height=\"302\" src=\"http:\/\/ottawacircusschool.com\/wp-content\/uploads\/staff-action-shot-lr.jpg\" alt=\"\" class=\"wp-image-5532\" srcset=\"https:\/\/ottawacircusschool.com\/wp-content\/uploads\/staff-action-shot-lr.jpg 403w, https:\/\/ottawacircusschool.com\/wp-content\/uploads\/staff-action-shot-lr-300x225.jpg 300w\" sizes=\"auto, (max-width: 403px) 100vw, 403px\" \/><\/figure>\n<\/div>\n\n\n<p><\/p>","protected":false},"excerpt":{"rendered":"<p>What are Open Gym\/Jams? Open gym and jams are self-directed practice sessions to offer the community opportunities to get together for practice and training in a nice space. There are no formal instructions. It is an opportunity for people to share skills and support each other&#8217;s practice as well as practice what they have learned [&hellip;]<\/p>\n","protected":false},"author":4,"featured_media":0,"parent":0,"menu_order":0,"comment_status":"closed","ping_status":"closed","template":"","meta":{"footnotes":""},"class_list":["post-1500","page","type-page","status-publish","hentry"],"_links":{"self":[{"href":"http:\/\/ottawacircusschool.com\/fr\/wp-json\/wp\/v2\/pages\/1500","targetHints":{"allow":["GET"]}}],"collection":[{"href":"http:\/\/ottawacircusschool.com\/fr\/wp-json\/wp\/v2\/pages"}],"about":[{"href":"http:\/\/ottawacircusschool.com\/fr\/wp-json\/wp\/v2\/types\/page"}],"author":[{"embeddable":true,"href":"http:\/\/ottawacircusschool.com\/fr\/wp-json\/wp\/v2\/users\/4"}],"replies":[{"embeddable":true,"href":"http:\/\/ottawacircusschool.com\/fr\/wp-json\/wp\/v2\/comments?post=1500"}],"version-history":[{"count":24,"href":"http:\/\/ottawacircusschool.com\/fr\/wp-json\/wp\/v2\/pages\/1500\/revisions"}],"predecessor-version":[{"id":8515,"href":"http:\/\/ottawacircusschool.com\/fr\/wp-json\/wp\/v2\/pages\/1500\/revisions\/8515"}],"wp:attachment":[{"href":"http:\/\/ottawacircusschool.com\/fr\/wp-json\/wp\/v2\/media?parent=1500"}],"curies":[{"name":"wp","href":"https:\/\/api.w.org\/{rel}","templated":true}]}}