{"id":1950,"date":"2017-06-28T11:42:53","date_gmt":"2017-06-28T11:42:53","guid":{"rendered":"http:\/\/ottawacircusschool.com\/?page_id=1950"},"modified":"2024-03-04T16:01:14","modified_gmt":"2024-03-04T16:01:14","slug":"unicycle-2","status":"publish","type":"page","link":"http:\/\/ottawacircusschool.com\/en\/unicycle-2\/","title":{"rendered":"[:en]Unicycle[:fr]Monocycle[:]"},"content":{"rendered":"<p>[:en]<img loading=\"lazy\" decoding=\"async\" class=\"wp-image-5139 size-full alignright\" src=\"http:\/\/ottawacircusschool.com\/wp-content\/uploads\/unicycle.jpg\" alt=\"\" width=\"201\" height=\"138\" \/><\/p>\n<p><strong>Unicycle classes are temporarily stopped as we are looking for a new coach to teach it. Check back later!<\/strong><\/p>\n<p>It takes some practice and guidance to get the feel of cycling on one wheel, but once you have it, is so much fun! Join our coaches to learn the basics as well as more advanced tricks.<\/p>\n<p>You are welcome to come do a trial class, but note that it usually takes 15-20 hours of practice to start rolling with no help.<\/p>\n<p>Unicycles are available to use during class and for sale.<\/p>\n<p><strong>Dress code:<\/strong> Wear clean indoor shoes that are closed toe and that tie up snugly.<\/p>\n<p>Our coaches are bilingual (English\/French).<\/p>\n<p><strong>Want a reminder when registration opens? Join our mailing list.<\/strong><\/p>\n<p><a href=\"https:\/\/visitor.r20.constantcontact.com\/manage\/optin?v=001dbhkIZY57-CufkGBXAPesdnszj6Zpen4qBsyDLwBDt9gLr5yf8hxPhjgih_RdJCOFGL6dWmjnVCRdsOsMR40G4xjreiB9N6uPE-mA9ZDILjpHkoZ79-2ZNXYg65DVFNdHIgRen3kiyNrcyTJZ_1iDBDz8byYCikF4Al8VCWqFxGZd035fuoA8y2QRP76gPcY\" target=\"_blank\" rel=\"noopener noreferrer\"><img loading=\"lazy\" decoding=\"async\" class=\"aligncenter wp-image-5570 size-full\" src=\"http:\/\/ottawacircusschool.com\/wp-content\/uploads\/join-our-mailing-list-2.jpg\" alt=\"\" width=\"146\" height=\"38\" \/><\/a><\/p>\n<p>[:fr]<\/p>\n<p><strong>Les cours de monocycle sont de retour!<\/strong><\/p>\n<p><img loading=\"lazy\" decoding=\"async\" class=\"wp-image-5139 size-full alignright\" src=\"http:\/\/ottawacircusschool.com\/wp-content\/uploads\/unicycle.jpg\" alt=\"\" width=\"201\" height=\"138\" \/><\/p>\n<p>Pour apprendre \u00e0 rouler sur une roue, il faut de la pratique et quelqu&#8217;un pour vous guider. Mais une fois que vous avez le tour, le monocycle est si amusant! Venez apprendre les bases et des techniques avanc\u00e9es avec nos instructeurs.<\/p>\n<p>Il vous est toujours possible de faire un cours d&#8217;essai, mais sachez qu&#8217;il faut habituellement de 15 \u00e0 20 heures de pratique pour pouvoir rouler sans aide.<\/p>\n<p>Des monocycles sont mis \u00e0 votre disposition durant les cours et sont aussi \u00e0 vendre \u00e0 l&#8217;\u00c9cole de cirque.<\/p>\n<p><strong>Quoi porter :<\/strong> Portez des souliers d&#8217;int\u00e9rieur propres et ferm\u00e9s qui s&#8217;attachent bien serr\u00e9.<\/p>\n<p>Nos instructeurs sont bilingues (fran\u00e7ais\/anglais).<\/p>\n<p><strong>Vous voulez recevoir un rappel lors de la prochaine p\u00e9riode d&#8217;inscription? Abonnez-vous \u00e0 notre liste de diffusion.<\/strong><\/p>\n<div align=\"left\">\n<p><a href=\"https:\/\/visitor.r20.constantcontact.com\/manage\/optin?v=001dbhkIZY57-CufkGBXAPesdnszj6Zpen4qBsyDLwBDt9gLr5yf8hxPhjgih_RdJCOFGL6dWmjnVCRdsOsMR40G4xjreiB9N6uPE-mA9ZDILjpHkoZ79-2ZNXYg65DVFNdHIgRen3kiyNrcyTJZ_1iDBDz8byYCikF4Al8VCWqFxGZd035fuoA8y2QRP76gPcY\" target=\"_blank\" rel=\"noopener noreferrer\"><img loading=\"lazy\" decoding=\"async\" class=\"aligncenter wp-image-5572 size-full\" src=\"http:\/\/ottawacircusschool.com\/wp-content\/uploads\/abonnezvous.jpg\" alt=\"\" width=\"147\" height=\"57\" \/><\/a><\/p>\n<p>[:]<\/p>\n<\/div>\n","protected":false},"excerpt":{"rendered":"<p>[:en] Unicycle classes are temporarily stopped as we are looking for a new coach to teach it. Check back later! It takes some practice and guidance to get the feel of cycling on one wheel, but once you have it, is so much fun! Join our coaches to learn the basics as well as more [&hellip;]<\/p>\n","protected":false},"author":4,"featured_media":0,"parent":0,"menu_order":0,"comment_status":"closed","ping_status":"closed","template":"","meta":{"footnotes":""},"class_list":["post-1950","page","type-page","status-publish","hentry"],"_links":{"self":[{"href":"http:\/\/ottawacircusschool.com\/en\/wp-json\/wp\/v2\/pages\/1950","targetHints":{"allow":["GET"]}}],"collection":[{"href":"http:\/\/ottawacircusschool.com\/en\/wp-json\/wp\/v2\/pages"}],"about":[{"href":"http:\/\/ottawacircusschool.com\/en\/wp-json\/wp\/v2\/types\/page"}],"author":[{"embeddable":true,"href":"http:\/\/ottawacircusschool.com\/en\/wp-json\/wp\/v2\/users\/4"}],"replies":[{"embeddable":true,"href":"http:\/\/ottawacircusschool.com\/en\/wp-json\/wp\/v2\/comments?post=1950"}],"version-history":[{"count":53,"href":"http:\/\/ottawacircusschool.com\/en\/wp-json\/wp\/v2\/pages\/1950\/revisions"}],"predecessor-version":[{"id":7762,"href":"http:\/\/ottawacircusschool.com\/en\/wp-json\/wp\/v2\/pages\/1950\/revisions\/7762"}],"wp:attachment":[{"href":"http:\/\/ottawacircusschool.com\/en\/wp-json\/wp\/v2\/media?parent=1950"}],"curies":[{"name":"wp","href":"https:\/\/api.w.org\/{rel}","templated":true}]}}